{"id":683,"date":"2025-04-08T16:35:07","date_gmt":"2025-04-08T14:35:07","guid":{"rendered":"https:\/\/rectimepro.com\/?page_id=683"},"modified":"2025-05-21T11:27:58","modified_gmt":"2025-05-21T09:27:58","slug":"eventos","status":"publish","type":"page","link":"https:\/\/rectimepro.com\/en\/eventos\/","title":{"rendered":"Corporate"},"content":{"rendered":"<div data-elementor-type=\"wp-page\" data-elementor-id=\"683\" class=\"elementor elementor-683\" data-elementor-post-type=\"page\">\n\t\t\t\t<div class=\"elementor-element elementor-element-ca4cf68 e-flex e-con-boxed e-con e-parent\" data-id=\"ca4cf68\" data-element_type=\"container\" data-e-type=\"container\" data-settings=\"{&quot;background_background&quot;:&quot;video&quot;,&quot;background_video_link&quot;:&quot;https:\\\/\\\/youtu.be\\\/pmaSg8w93SU&quot;,&quot;background_play_on_mobile&quot;:&quot;yes&quot;}\">\n\t\t\t\t\t<div class=\"e-con-inner\">\n\t\t<div class=\"elementor-background-video-container\">\n\t\t\t\t\t\t\t<div class=\"elementor-background-video-embed\" role=\"presentation\"><\/div>\n\t\t\t\t\t\t<\/div><div class=\"elementor-element elementor-element-addde43 e-con-full e-flex e-con e-child\" data-id=\"addde43\" data-element_type=\"container\" data-e-type=\"container\">\n\t\t\t\t<div class=\"elementor-element elementor-element-0ef24ce elementor-widget elementor-widget-heading\" data-id=\"0ef24ce\" data-element_type=\"widget\" data-e-type=\"widget\" data-widget_type=\"heading.default\">\n\t\t\t\t<div class=\"elementor-widget-container\">\n\t\t\t\t\t<span class=\"elementor-heading-title elementor-size-default\">Audiovisual Experiences that Make an Impact<\/span>\t\t\t\t<\/div>\n\t\t\t\t<\/div>\n\t\t\t\t<div class=\"elementor-element elementor-element-f1013cb animated-slow elementor-invisible elementor-widget elementor-widget-heading\" data-id=\"f1013cb\" data-element_type=\"widget\" data-e-type=\"widget\" data-settings=\"{&quot;motion_fx_devices&quot;:[&quot;desktop&quot;,&quot;laptop&quot;,&quot;tablet_extra&quot;,&quot;tablet&quot;,&quot;mobile_extra&quot;,&quot;mobile&quot;],&quot;motion_fx_motion_fx_scrolling&quot;:&quot;yes&quot;,&quot;_animation&quot;:&quot;fadeIn&quot;,&quot;_animation_delay&quot;:550}\" data-widget_type=\"heading.default\">\n\t\t\t\t<div class=\"elementor-widget-container\">\n\t\t\t\t\t<h1 class=\"elementor-heading-title elementor-size-default\">events<\/h1>\t\t\t\t<\/div>\n\t\t\t\t<\/div>\n\t\t\t\t<\/div>\n\t\t\t\t\t<\/div>\n\t\t\t\t<\/div>\n\t\t<div class=\"elementor-element elementor-element-1733d00 e-flex e-con-boxed e-con e-parent\" data-id=\"1733d00\" data-element_type=\"container\" data-e-type=\"container\" data-settings=\"{&quot;background_background&quot;:&quot;classic&quot;}\">\n\t\t\t\t\t<div class=\"e-con-inner\">\n\t\t<div class=\"elementor-element elementor-element-8a3e877 e-con-full e-flex e-con e-child\" data-id=\"8a3e877\" data-element_type=\"container\" data-e-type=\"container\">\n\t\t<div class=\"elementor-element elementor-element-9607b01 e-con-full e-flex e-con e-child\" data-id=\"9607b01\" data-element_type=\"container\" data-e-type=\"container\">\n\t\t\t\t<div class=\"elementor-element elementor-element-f64e455 elementor-widget elementor-widget-heading\" data-id=\"f64e455\" data-element_type=\"widget\" data-e-type=\"widget\" data-widget_type=\"heading.default\">\n\t\t\t\t<div class=\"elementor-widget-container\">\n\t\t\t\t\t<h4 class=\"elementor-heading-title elementor-size-default\">We create your moments<\/h4>\t\t\t\t<\/div>\n\t\t\t\t<\/div>\n\t\t\t\t<div class=\"elementor-element elementor-element-8562894 elementor-widget-divider--view-line elementor-widget elementor-widget-divider\" data-id=\"8562894\" data-element_type=\"widget\" data-e-type=\"widget\" data-widget_type=\"divider.default\">\n\t\t\t\t<div class=\"elementor-widget-container\">\n\t\t\t\t\t\t\t<div class=\"elementor-divider\">\n\t\t\t<span class=\"elementor-divider-separator\">\n\t\t\t\t\t\t<\/span>\n\t\t<\/div>\n\t\t\t\t\t\t<\/div>\n\t\t\t\t<\/div>\n\t\t\t\t<div class=\"elementor-element elementor-element-9df4984 elementor-widget__width-initial elementor-invisible elementor-widget elementor-widget-heading\" data-id=\"9df4984\" data-element_type=\"widget\" data-e-type=\"widget\" data-settings=\"{&quot;_animation&quot;:&quot;fadeInUp&quot;}\" data-widget_type=\"heading.default\">\n\t\t\t\t<div class=\"elementor-widget-container\">\n\t\t\t\t\t<h2 class=\"elementor-heading-title elementor-size-default\"><span style=\"color:#E23D3D\">Corporate<\/span> events<\/h2>\t\t\t\t<\/div>\n\t\t\t\t<\/div>\n\t\t\t\t<div class=\"elementor-element elementor-element-8073d9c elementor-widget elementor-widget-text-editor\" data-id=\"8073d9c\" data-element_type=\"widget\" data-e-type=\"widget\" data-widget_type=\"text-editor.default\">\n\t\t\t\t<div class=\"elementor-widget-container\">\n\t\t\t\t\t\t\t\t\t<div id=\"comp-llkqs69j\" class=\"HcOXKn c9GqVL QxJLC3 lq2cno YQcXTT comp-llkqs69j wixui-rich-text\" data-testid=\"richTextElement\" data-motion-enter=\"done\"><p class=\"p1\">Technical support and audiovisual coverage for events.<br \/>We take care of all the technical and audiovisual aspects of your event so that everything runs smoothly. We offer sound services with loudspeakers, digital and analogue sound systems, wireless microphones, simultaneous translation and conference calls. We also illuminate spaces, either with decorative or technical lighting for shows, and we manage projections and LED screens according to the needs of the event.<br \/>A technical team tailored to your needs, so that you can focus only on the content.<\/p><\/div>\t\t\t\t\t\t\t\t<\/div>\n\t\t\t\t<\/div>\n\t\t\t\t<div class=\"elementor-element elementor-element-c0ae6a7 elementor-widget elementor-widget-button\" data-id=\"c0ae6a7\" data-element_type=\"widget\" data-e-type=\"widget\" data-widget_type=\"button.default\">\n\t\t\t\t<div class=\"elementor-widget-container\">\n\t\t\t\t\t\t\t\t\t<div class=\"elementor-button-wrapper\">\n\t\t\t\t\t<a class=\"elementor-button elementor-button-link elementor-size-sm\" href=\"tel:+34676509133\">\n\t\t\t\t\t\t<span class=\"elementor-button-content-wrapper\">\n\t\t\t\t\t\t\t\t\t<span class=\"elementor-button-text\">Let's talk<\/span>\n\t\t\t\t\t<\/span>\n\t\t\t\t\t<\/a>\n\t\t\t\t<\/div>\n\t\t\t\t\t\t\t\t<\/div>\n\t\t\t\t<\/div>\n\t\t\t\t<\/div>\n\t\t\t\t<\/div>\n\t\t\t\t\t<\/div>\n\t\t\t\t<\/div>\n\t\t\t\t<\/div>","protected":false},"excerpt":{"rendered":"<p>Experiencias Audiovisuales que Impactan eventos Creamos tus momentos Eventos corporativos Soporte t\u00e9cnico y cobertura audiovisual para eventos.Nos encargamos de toda la parte t\u00e9cnica y audiovisual de tu evento para que todo funcione a la perfecci\u00f3n. Ofrecemos servicios de sonorizaci\u00f3n con altavoces, mesas de sonido digitales y anal\u00f3gicas, microfon\u00eda inal\u00e1mbrica, traducci\u00f3n simult\u00e1nea y conference calls. Tambi\u00e9n [&hellip;]<\/p>","protected":false},"author":1,"featured_media":1626,"parent":0,"menu_order":0,"comment_status":"closed","ping_status":"closed","template":"","meta":{"footnotes":""},"class_list":["post-683","page","type-page","status-publish","has-post-thumbnail","hentry"],"yoast_head":"<!-- This site is optimized with the Yoast SEO plugin v26.9 - https:\/\/yoast.com\/product\/yoast-seo-wordpress\/ -->\n<title>Producci\u00f3n audiovisual de eventos<\/title>\n<meta name=\"description\" content=\"Realizamos videos \u00fanicos del evento de tu empresa, o si quieres grabar un congreso, curso, realizar un video de presentaci\u00f3n, organizar un webinar nos encargamos de todos los detalles.\" \/>\n<meta name=\"robots\" content=\"index, follow, max-snippet:-1, max-image-preview:large, max-video-preview:-1\" \/>\n<link rel=\"canonical\" href=\"https:\/\/rectimepro.com\/en\/eventos\/\" \/>\n<meta property=\"og:locale\" content=\"en_GB\" \/>\n<meta property=\"og:type\" content=\"article\" \/>\n<meta property=\"og:title\" content=\"Producci\u00f3n audiovisual de eventos\" \/>\n<meta property=\"og:description\" content=\"Realizamos videos \u00fanicos del evento de tu empresa, o si quieres grabar un congreso, curso, realizar un video de presentaci\u00f3n, organizar un webinar nos encargamos de todos los detalles.\" \/>\n<meta property=\"og:url\" content=\"https:\/\/rectimepro.com\/en\/eventos\/\" \/>\n<meta property=\"og:site_name\" content=\"Rectimepro - Productora audiovisual\" \/>\n<meta property=\"article:modified_time\" content=\"2025-05-21T09:27:58+00:00\" \/>\n<meta property=\"og:image\" content=\"https:\/\/rectimepro.com\/wp-content\/uploads\/2025\/05\/quienes-somos.jpg\" \/>\n\t<meta property=\"og:image:width\" content=\"1231\" \/>\n\t<meta property=\"og:image:height\" content=\"900\" \/>\n\t<meta property=\"og:image:type\" content=\"image\/jpeg\" \/>\n<meta name=\"twitter:card\" content=\"summary_large_image\" \/>\n<meta name=\"twitter:label1\" content=\"Estimated reading time\" \/>\n\t<meta name=\"twitter:data1\" content=\"1 minute\" \/>\n<script type=\"application\/ld+json\" class=\"yoast-schema-graph\">{\"@context\":\"https:\/\/schema.org\",\"@graph\":[{\"@type\":\"WebPage\",\"@id\":\"https:\/\/rectimepro.com\/eventos\/\",\"url\":\"https:\/\/rectimepro.com\/eventos\/\",\"name\":\"Producci\u00f3n audiovisual de eventos\",\"isPartOf\":{\"@id\":\"https:\/\/www.rectimepro.com\/#website\"},\"primaryImageOfPage\":{\"@id\":\"https:\/\/rectimepro.com\/eventos\/#primaryimage\"},\"image\":{\"@id\":\"https:\/\/rectimepro.com\/eventos\/#primaryimage\"},\"thumbnailUrl\":\"https:\/\/rectimepro.com\/wp-content\/uploads\/2025\/05\/quienes-somos.jpg\",\"datePublished\":\"2025-04-08T14:35:07+00:00\",\"dateModified\":\"2025-05-21T09:27:58+00:00\",\"description\":\"Realizamos videos \u00fanicos del evento de tu empresa, o si quieres grabar un congreso, curso, realizar un video de presentaci\u00f3n, organizar un webinar nos encargamos de todos los detalles.\",\"breadcrumb\":{\"@id\":\"https:\/\/rectimepro.com\/eventos\/#breadcrumb\"},\"inLanguage\":\"en-GB\",\"potentialAction\":[{\"@type\":\"ReadAction\",\"target\":[\"https:\/\/rectimepro.com\/eventos\/\"]}]},{\"@type\":\"ImageObject\",\"inLanguage\":\"en-GB\",\"@id\":\"https:\/\/rectimepro.com\/eventos\/#primaryimage\",\"url\":\"https:\/\/rectimepro.com\/wp-content\/uploads\/2025\/05\/quienes-somos.jpg\",\"contentUrl\":\"https:\/\/rectimepro.com\/wp-content\/uploads\/2025\/05\/quienes-somos.jpg\",\"width\":1231,\"height\":900},{\"@type\":\"BreadcrumbList\",\"@id\":\"https:\/\/rectimepro.com\/eventos\/#breadcrumb\",\"itemListElement\":[{\"@type\":\"ListItem\",\"position\":1,\"name\":\"Home\",\"item\":\"https:\/\/rectimepro.com\/\"},{\"@type\":\"ListItem\",\"position\":2,\"name\":\"Eventos\"}]},{\"@type\":\"WebSite\",\"@id\":\"https:\/\/www.rectimepro.com\/#website\",\"url\":\"https:\/\/www.rectimepro.com\/\",\"name\":\"Rectimepro - Productora audiovisual\",\"description\":\"\",\"publisher\":{\"@id\":\"https:\/\/www.rectimepro.com\/#organization\"},\"potentialAction\":[{\"@type\":\"SearchAction\",\"target\":{\"@type\":\"EntryPoint\",\"urlTemplate\":\"https:\/\/www.rectimepro.com\/?s={search_term_string}\"},\"query-input\":{\"@type\":\"PropertyValueSpecification\",\"valueRequired\":true,\"valueName\":\"search_term_string\"}}],\"inLanguage\":\"en-GB\"},{\"@type\":\"Organization\",\"@id\":\"https:\/\/www.rectimepro.com\/#organization\",\"name\":\"Rectimepro - Productora audiovisual\",\"alternateName\":\"Rectimepro\",\"url\":\"https:\/\/www.rectimepro.com\/\",\"logo\":{\"@type\":\"ImageObject\",\"inLanguage\":\"en-GB\",\"@id\":\"https:\/\/www.rectimepro.com\/#\/schema\/logo\/image\/\",\"url\":\"https:\/\/rectimepro.com\/wp-content\/uploads\/2025\/04\/rectime-logo-white-new.png\",\"contentUrl\":\"https:\/\/rectimepro.com\/wp-content\/uploads\/2025\/04\/rectime-logo-white-new.png\",\"width\":800,\"height\":926,\"caption\":\"Rectimepro - Productora audiovisual\"},\"image\":{\"@id\":\"https:\/\/www.rectimepro.com\/#\/schema\/logo\/image\/\"},\"sameAs\":[\"https:\/\/www.instagram.com\/rectimepro\/?hl=es\",\"https:\/\/www.youtube.com\/channel\/UCg7PQMBoWykywKGOZeYoknA\/videos\",\"https:\/\/vimeo.com\/user95407811\"]}]}<\/script>\n<!-- \/ Yoast SEO plugin. -->","yoast_head_json":{"title":"Producci\u00f3n audiovisual de eventos","description":"Realizamos videos \u00fanicos del evento de tu empresa, o si quieres grabar un congreso, curso, realizar un video de presentaci\u00f3n, organizar un webinar nos encargamos de todos los detalles.","robots":{"index":"index","follow":"follow","max-snippet":"max-snippet:-1","max-image-preview":"max-image-preview:large","max-video-preview":"max-video-preview:-1"},"canonical":"https:\/\/rectimepro.com\/en\/eventos\/","og_locale":"en_GB","og_type":"article","og_title":"Producci\u00f3n audiovisual de eventos","og_description":"Realizamos videos \u00fanicos del evento de tu empresa, o si quieres grabar un congreso, curso, realizar un video de presentaci\u00f3n, organizar un webinar nos encargamos de todos los detalles.","og_url":"https:\/\/rectimepro.com\/en\/eventos\/","og_site_name":"Rectimepro - Productora audiovisual","article_modified_time":"2025-05-21T09:27:58+00:00","og_image":[{"width":1231,"height":900,"url":"https:\/\/rectimepro.com\/wp-content\/uploads\/2025\/05\/quienes-somos.jpg","type":"image\/jpeg"}],"twitter_card":"summary_large_image","twitter_misc":{"Estimated reading time":"1 minute"},"schema":{"@context":"https:\/\/schema.org","@graph":[{"@type":"WebPage","@id":"https:\/\/rectimepro.com\/eventos\/","url":"https:\/\/rectimepro.com\/eventos\/","name":"Producci\u00f3n audiovisual de eventos","isPartOf":{"@id":"https:\/\/www.rectimepro.com\/#website"},"primaryImageOfPage":{"@id":"https:\/\/rectimepro.com\/eventos\/#primaryimage"},"image":{"@id":"https:\/\/rectimepro.com\/eventos\/#primaryimage"},"thumbnailUrl":"https:\/\/rectimepro.com\/wp-content\/uploads\/2025\/05\/quienes-somos.jpg","datePublished":"2025-04-08T14:35:07+00:00","dateModified":"2025-05-21T09:27:58+00:00","description":"Realizamos videos \u00fanicos del evento de tu empresa, o si quieres grabar un congreso, curso, realizar un video de presentaci\u00f3n, organizar un webinar nos encargamos de todos los detalles.","breadcrumb":{"@id":"https:\/\/rectimepro.com\/eventos\/#breadcrumb"},"inLanguage":"en-GB","potentialAction":[{"@type":"ReadAction","target":["https:\/\/rectimepro.com\/eventos\/"]}]},{"@type":"ImageObject","inLanguage":"en-GB","@id":"https:\/\/rectimepro.com\/eventos\/#primaryimage","url":"https:\/\/rectimepro.com\/wp-content\/uploads\/2025\/05\/quienes-somos.jpg","contentUrl":"https:\/\/rectimepro.com\/wp-content\/uploads\/2025\/05\/quienes-somos.jpg","width":1231,"height":900},{"@type":"BreadcrumbList","@id":"https:\/\/rectimepro.com\/eventos\/#breadcrumb","itemListElement":[{"@type":"ListItem","position":1,"name":"Home","item":"https:\/\/rectimepro.com\/"},{"@type":"ListItem","position":2,"name":"Eventos"}]},{"@type":"WebSite","@id":"https:\/\/www.rectimepro.com\/#website","url":"https:\/\/www.rectimepro.com\/","name":"Rectimepro - Audiovisual production company","description":"","publisher":{"@id":"https:\/\/www.rectimepro.com\/#organization"},"potentialAction":[{"@type":"SearchAction","target":{"@type":"EntryPoint","urlTemplate":"https:\/\/www.rectimepro.com\/?s={search_term_string}"},"query-input":{"@type":"PropertyValueSpecification","valueRequired":true,"valueName":"search_term_string"}}],"inLanguage":"en-GB"},{"@type":"Organization","@id":"https:\/\/www.rectimepro.com\/#organization","name":"Rectimepro - Audiovisual production company","alternateName":"Rectimepro","url":"https:\/\/www.rectimepro.com\/","logo":{"@type":"ImageObject","inLanguage":"en-GB","@id":"https:\/\/www.rectimepro.com\/#\/schema\/logo\/image\/","url":"https:\/\/rectimepro.com\/wp-content\/uploads\/2025\/04\/rectime-logo-white-new.png","contentUrl":"https:\/\/rectimepro.com\/wp-content\/uploads\/2025\/04\/rectime-logo-white-new.png","width":800,"height":926,"caption":"Rectimepro - Productora audiovisual"},"image":{"@id":"https:\/\/www.rectimepro.com\/#\/schema\/logo\/image\/"},"sameAs":["https:\/\/www.instagram.com\/rectimepro\/?hl=es","https:\/\/www.youtube.com\/channel\/UCg7PQMBoWykywKGOZeYoknA\/videos","https:\/\/vimeo.com\/user95407811"]}]}},"_links":{"self":[{"href":"https:\/\/rectimepro.com\/en\/wp-json\/wp\/v2\/pages\/683","targetHints":{"allow":["GET"]}}],"collection":[{"href":"https:\/\/rectimepro.com\/en\/wp-json\/wp\/v2\/pages"}],"about":[{"href":"https:\/\/rectimepro.com\/en\/wp-json\/wp\/v2\/types\/page"}],"author":[{"embeddable":true,"href":"https:\/\/rectimepro.com\/en\/wp-json\/wp\/v2\/users\/1"}],"replies":[{"embeddable":true,"href":"https:\/\/rectimepro.com\/en\/wp-json\/wp\/v2\/comments?post=683"}],"version-history":[{"count":37,"href":"https:\/\/rectimepro.com\/en\/wp-json\/wp\/v2\/pages\/683\/revisions"}],"predecessor-version":[{"id":1618,"href":"https:\/\/rectimepro.com\/en\/wp-json\/wp\/v2\/pages\/683\/revisions\/1618"}],"wp:featuredmedia":[{"embeddable":true,"href":"https:\/\/rectimepro.com\/en\/wp-json\/wp\/v2\/media\/1626"}],"wp:attachment":[{"href":"https:\/\/rectimepro.com\/en\/wp-json\/wp\/v2\/media?parent=683"}],"curies":[{"name":"wp","href":"https:\/\/api.w.org\/{rel}","templated":true}]}}