{"id":3,"date":"2025-03-26T11:26:38","date_gmt":"2025-03-26T10:26:38","guid":{"rendered":"https:\/\/rectimepro.com\/?page_id=3"},"modified":"2025-05-01T15:06:44","modified_gmt":"2025-05-01T13:06:44","slug":"politica-privacidad","status":"publish","type":"page","link":"https:\/\/rectimepro.com\/fr\/politica-privacidad\/","title":{"rendered":"Politique de confidentialit\u00e9"},"content":{"rendered":"<p>La confidentialit\u00e9 et la s\u00e9curit\u00e9 sont des valeurs primordiales pour RECTIME COMUNICACION, S.L. et, par cons\u00e9quent, nous nous engageons \u00e0 garantir la confidentialit\u00e9 de l'utilisateur \u00e0 tout moment et \u00e0 ne pas collecter d'informations inutiles. Nous vous fournissons ci-dessous toutes les informations n\u00e9cessaires sur notre politique de confidentialit\u00e9 en ce qui concerne les donn\u00e9es personnelles que nous recueillons, en expliquant :<\/p>\n\n\n\n<ul class=\"wp-block-list\">\n<li>Qui est responsable du traitement de vos donn\u00e9es.<\/li>\n\n\n\n<li>\u00c0 quelles fins nous collectons les donn\u00e9es que nous vous demandons.<\/li>\n\n\n\n<li>Quelle est la l\u00e9gitimit\u00e9 de son traitement.<\/li>\n\n\n\n<li>Dur\u00e9e de conservation.<\/li>\n\n\n\n<li>\u00a0Les destinataires de vos donn\u00e9es.<\/li>\n\n\n\n<li>Quels sont vos droits et comment les exercer.<br><br><br><\/li>\n<\/ul>\n\n\n\n<ol class=\"wp-block-list\">\n<li><strong>RESPONSABLE :<\/strong><br>RECTIME COMUNICACION, S.L. B88024831<br>Plaza Europa 18, 5\u00ba E 08902 Hospitalet de Llobregat ( BARCELONE )<br><a href=\"mailto:creative@rectimepro.com\">creative@rectimepro.com<\/a><br><br><\/li>\n\n\n\n<li><strong>OBJECTIFS, L\u00c9GITIMIT\u00c9 ET CONSERVATION<\/strong> du traitement des donn\u00e9es envoy\u00e9es via :<\/li>\n<\/ol>\n\n\n\n<ol class=\"wp-block-list\">\n<li>Formulaire de contact.<br>Objet : Vous fournir un moyen de nous contacter et de r\u00e9pondre \u00e0 vos demandes d'information, ainsi que de vous envoyer des communications sur nos produits, services et activit\u00e9s, y compris par voie \u00e9lectronique (e-mail, SMS, etc.), si vous cochez la case d'acceptation.<br>L\u00e9gitimation : Le consentement de l'utilisateur lorsqu'il nous demande des informations par le biais de notre formulaire de contact et qu'il coche la case pour accepter l'envoi d'informations.<br>Conservation : une fois que votre demande a \u00e9t\u00e9 r\u00e9solue au moyen de notre formulaire ou qu'il y a \u00e9t\u00e9 r\u00e9pondu par courrier \u00e9lectronique, si elle n'a pas donn\u00e9 lieu \u00e0 un nouveau traitement, et si vous avez accept\u00e9 de recevoir des courriers commerciaux, jusqu'\u00e0 ce que vous demandiez \u00e0 vous d\u00e9sinscrire de ceux-ci.<\/li>\n\n\n\n<li>Envoi de courriers \u00e9lectroniques.<br>Objectif : r\u00e9pondre \u00e0 vos demandes d'information, traiter vos demandes et r\u00e9pondre \u00e0 vos questions ou \u00e0 vos doutes.  En cas de r\u00e9ception de votre curriculum vitae, vos donn\u00e9es personnelles et curriculaires peuvent faire partie de nos bases de donn\u00e9es afin de participer \u00e0 nos processus de s\u00e9lection actuels et futurs.<br>L\u00e9gitimation : Le consentement de l'utilisateur lorsqu'il nous demande des informations par courrier \u00e9lectronique ou lorsqu'il nous envoie ses donn\u00e9es et son CV pour participer \u00e0 nos processus de s\u00e9lection.<br>Conservation : une fois que votre demande par courrier \u00e9lectronique a re\u00e7u une r\u00e9ponse, si aucun autre traitement n'a \u00e9t\u00e9 g\u00e9n\u00e9r\u00e9. En cas de r\u00e9ception de votre CV, vos donn\u00e9es peuvent \u00eatre conserv\u00e9es pendant un an au maximum en vue de processus de s\u00e9lection ult\u00e9rieurs.<br><strong>Obligation de nous fournir vos donn\u00e9es personnelles et cons\u00e9quences d'un refus.<br><\/strong>La fourniture de donn\u00e9es \u00e0 caract\u00e8re personnel requiert un \u00e2ge minimum de 14 ans ou, le cas \u00e9ch\u00e9ant, l'\u00e2ge minimum fix\u00e9 par la r\u00e9glementation applicable en mati\u00e8re de protection des donn\u00e9es et\/ou une capacit\u00e9 juridique suffisante pour conclure un contrat.<br>Les donn\u00e9es personnelles demand\u00e9es sont n\u00e9cessaires pour g\u00e9rer vos demandes, vous enregistrer en tant qu'utilisateur et\/ou vous fournir les services que vous pouvez contracter, de sorte que si vous ne les fournissez pas, nous ne serons pas en mesure de vous r\u00e9pondre correctement ou de vous fournir le service que vous avez demand\u00e9.<br>En tout \u00e9tat de cause, nous nous r\u00e9servons le droit de d\u00e9cider d'inclure ou non vos donn\u00e9es personnelles et autres informations dans nos bases de donn\u00e9es.\u00a0<br><br><\/li>\n\n\n\n<li><strong>LES DESTINATAIRES DE VOS DONN\u00c9ES.<\/strong><br>Vos donn\u00e9es sont confidentielles et ne sont pas transmises \u00e0 des tiers, sauf en cas d'obligation l\u00e9gale.<br><br><\/li>\n\n\n\n<li><strong>COOKIES<\/strong><br>Ce site utilise des cookies techniques, de personnalisation et d'analyse, tant les n\u00f4tres que ceux de tiers, qui traitent les donn\u00e9es de connexion et\/ou de dispositif \u00e0 des fins statistiques, mais en aucun cas ils ne capturent les habitudes de navigation \u00e0 des fins publicitaires. Par cons\u00e9quent, en acc\u00e9dant \u00e0 notre site, conform\u00e9ment \u00e0 l'article 22 de la loi sur la soci\u00e9t\u00e9 de l'information, lorsque nous traitons les cookies susmentionn\u00e9s, nous vous avons demand\u00e9 votre consentement \u00e0 leur utilisation et vous avons fourni des informations \u00e0 leur sujet.<br><br><\/li>\n\n\n\n<li><strong>DROITS RELATIFS \u00c0 VOS DONN\u00c9ES PERSONNELLES.<\/strong><br>Toute personne peut retirer son consentement \u00e0 tout moment, lorsque celui-ci a \u00e9t\u00e9 accord\u00e9 pour le traitement de ses donn\u00e9es. En aucun cas le retrait de ce consentement ne conditionne l'ex\u00e9cution du contrat d'abonnement ou des relations pr\u00e9c\u00e9demment g\u00e9n\u00e9r\u00e9es.<br>Vous pouvez \u00e9galement exercer les droits suivants :<\/li>\n<\/ol>\n\n\n\n<ul class=\"wp-block-list\">\n<li>Demander l'acc\u00e8s ou la rectification de vos donn\u00e9es personnelles si elles sont inexactes.<\/li>\n\n\n\n<li>Demander leur suppression lorsque, entre autres raisons, les donn\u00e9es ne sont plus n\u00e9cessaires aux fins pour lesquelles elles ont \u00e9t\u00e9 collect\u00e9es.<\/li>\n\n\n\n<li>Demander la limitation du traitement dans certaines circonstances.<\/li>\n\n\n\n<li>Demander \u00e0 s'opposer au traitement de vos donn\u00e9es pour des raisons tenant \u00e0 votre situation particuli\u00e8re.<\/li>\n\n\n\n<li>Demander la portabilit\u00e9 des donn\u00e9es dans les cas pr\u00e9vus par le r\u00e8glement.<br><br>Autres droits reconnus dans la r\u00e9glementation applicable.<br>O\u00f9 et comment demander vos droits : En \u00e9crivant au responsable du traitement \u00e0 l'adresse postale ou \u00e9lectronique (indiqu\u00e9e dans la section A), en indiquant la r\u00e9f\u00e9rence \"Donn\u00e9es \u00e0 caract\u00e8re personnel\", en pr\u00e9cisant le droit que vous souhaitez exercer et \u00e0 propos de quelles donn\u00e9es \u00e0 caract\u00e8re personnel.<br>En cas de d\u00e9saccord avec l'entreprise concernant le traitement de vos donn\u00e9es, vous pouvez d\u00e9poser une plainte aupr\u00e8s de l'Agence de protection des donn\u00e9es (<a href=\"http:\/\/www.agpd.es\/\">www.agpd.es<\/a>).<br><\/li>\n<\/ul>\n\n\n\n<ol start=\"6\" class=\"wp-block-list\">\n<li><strong>LA S\u00c9CURIT\u00c9 DE VOS DONN\u00c9ES PERSONNELLES<\/strong><br>Afin de garantir la s\u00e9curit\u00e9 de vos donn\u00e9es personnelles, nous vous informons que nous avons pris toutes les mesures techniques et organisationnelles n\u00e9cessaires pour garantir la s\u00e9curit\u00e9 des donn\u00e9es personnelles fournies contre l'alt\u00e9ration, la perte et le traitement ou l'acc\u00e8s non autoris\u00e9.<br><br><\/li>\n\n\n\n<li><strong>LA MISE \u00c0 JOUR DE VOS DONN\u00c9ES<\/strong><br>Pour que nous puissions tenir \u00e0 jour vos donn\u00e9es personnelles, il est important que vous nous informiez de toute modification de vos donn\u00e9es personnelles, faute de quoi nous ne pourrons \u00eatre tenus responsables de l'exactitude des donn\u00e9es.<br>Nous ne sommes pas responsables de la politique de confidentialit\u00e9 concernant les donn\u00e9es personnelles que vous pouvez fournir \u00e0 des tiers par le biais des liens disponibles sur notre site web.<br>Cette politique de confidentialit\u00e9 a \u00e9t\u00e9 mise \u00e0 jour le 09\/04\/2025 et peut \u00eatre modifi\u00e9e pour l'adapter aux changements qui se produisent sur notre site web, ainsi qu'aux changements l\u00e9gislatifs ou jurisprudentiels sur les donn\u00e9es personnelles qui apparaissent, de sorte qu'elle n\u00e9cessite une lecture, chaque fois que vous nous fournissez vos donn\u00e9es par le biais de ce site web.<\/li>\n<\/ol>","protected":false},"excerpt":{"rendered":"<p>La confidentialit\u00e9 et la s\u00e9curit\u00e9 sont des valeurs primordiales pour RECTIME COMUNICACION, S.L. et, par cons\u00e9quent, nous nous engageons \u00e0 garantir la confidentialit\u00e9 de l'utilisateur \u00e0 tout moment et \u00e0 ne pas collecter d'informations inutiles. Nous vous fournissons ci-dessous toutes les informations n\u00e9cessaires sur notre politique de confidentialit\u00e9 en ce qui concerne les donn\u00e9es personnelles que nous recueillons, en expliquant :<\/p>","protected":false},"author":1,"featured_media":0,"parent":0,"menu_order":0,"comment_status":"closed","ping_status":"open","template":"","meta":{"footnotes":""},"class_list":["post-3","page","type-page","status-publish","hentry"],"yoast_head":"<!-- This site is optimized with the Yoast SEO plugin v26.9 - https:\/\/yoast.com\/product\/yoast-seo-wordpress\/ -->\n<title>Pol\u00edtica de privacidad - Rectimepro - Productora audiovisual<\/title>\n<meta name=\"robots\" content=\"noindex, follow\" \/>\n<meta property=\"og:locale\" content=\"fr_FR\" \/>\n<meta property=\"og:type\" content=\"article\" \/>\n<meta property=\"og:title\" content=\"Pol\u00edtica de privacidad - Rectimepro - Productora audiovisual\" \/>\n<meta property=\"og:description\" content=\"La confidencialidad y la seguridad son valores primordiales de RECTIME COMUNICACION, S.L. y, en consecuencia, asumimos el compromiso de garantizar la privacidad del Usuario en todo momento y de no recabar informaci\u00f3n innecesaria. A continuaci\u00f3n, le proporcionamos toda la informaci\u00f3n necesaria sobre nuestra Pol\u00edtica de Privacidad en relaci\u00f3n con los datos personales que recabamos, explic\u00e1ndole:\" \/>\n<meta property=\"og:url\" content=\"https:\/\/rectimepro.com\/fr\/politica-privacidad\/\" \/>\n<meta property=\"og:site_name\" content=\"Rectimepro - Productora audiovisual\" \/>\n<meta property=\"article:modified_time\" content=\"2025-05-01T13:06:44+00:00\" \/>\n<meta property=\"og:image\" content=\"https:\/\/rectimepro.com\/wp-content\/uploads\/2025\/03\/rectime-logo-b-new.png\" \/>\n\t<meta property=\"og:image:width\" content=\"800\" \/>\n\t<meta property=\"og:image:height\" content=\"926\" \/>\n\t<meta property=\"og:image:type\" content=\"image\/png\" \/>\n<meta name=\"twitter:card\" content=\"summary_large_image\" \/>\n<meta name=\"twitter:label1\" content=\"Dur\u00e9e de lecture estim\u00e9e\" \/>\n\t<meta name=\"twitter:data1\" content=\"5 minutes\" \/>\n<script type=\"application\/ld+json\" class=\"yoast-schema-graph\">{\"@context\":\"https:\/\/schema.org\",\"@graph\":[{\"@type\":\"WebPage\",\"@id\":\"https:\/\/rectimepro.com\/politica-privacidad\/\",\"url\":\"https:\/\/rectimepro.com\/politica-privacidad\/\",\"name\":\"Pol\u00edtica de privacidad - Rectimepro - Productora audiovisual\",\"isPartOf\":{\"@id\":\"https:\/\/www.rectimepro.com\/#website\"},\"datePublished\":\"2025-03-26T10:26:38+00:00\",\"dateModified\":\"2025-05-01T13:06:44+00:00\",\"breadcrumb\":{\"@id\":\"https:\/\/rectimepro.com\/politica-privacidad\/#breadcrumb\"},\"inLanguage\":\"fr-FR\",\"potentialAction\":[{\"@type\":\"ReadAction\",\"target\":[\"https:\/\/rectimepro.com\/politica-privacidad\/\"]}]},{\"@type\":\"BreadcrumbList\",\"@id\":\"https:\/\/rectimepro.com\/politica-privacidad\/#breadcrumb\",\"itemListElement\":[{\"@type\":\"ListItem\",\"position\":1,\"name\":\"Home\",\"item\":\"https:\/\/rectimepro.com\/\"},{\"@type\":\"ListItem\",\"position\":2,\"name\":\"Pol\u00edtica de privacidad\"}]},{\"@type\":\"WebSite\",\"@id\":\"https:\/\/www.rectimepro.com\/#website\",\"url\":\"https:\/\/www.rectimepro.com\/\",\"name\":\"Rectimepro - Productora audiovisual\",\"description\":\"\",\"publisher\":{\"@id\":\"https:\/\/www.rectimepro.com\/#organization\"},\"potentialAction\":[{\"@type\":\"SearchAction\",\"target\":{\"@type\":\"EntryPoint\",\"urlTemplate\":\"https:\/\/www.rectimepro.com\/?s={search_term_string}\"},\"query-input\":{\"@type\":\"PropertyValueSpecification\",\"valueRequired\":true,\"valueName\":\"search_term_string\"}}],\"inLanguage\":\"fr-FR\"},{\"@type\":\"Organization\",\"@id\":\"https:\/\/www.rectimepro.com\/#organization\",\"name\":\"Rectimepro - Productora audiovisual\",\"alternateName\":\"Rectimepro\",\"url\":\"https:\/\/www.rectimepro.com\/\",\"logo\":{\"@type\":\"ImageObject\",\"inLanguage\":\"fr-FR\",\"@id\":\"https:\/\/www.rectimepro.com\/#\/schema\/logo\/image\/\",\"url\":\"https:\/\/rectimepro.com\/wp-content\/uploads\/2025\/04\/rectime-logo-white-new.png\",\"contentUrl\":\"https:\/\/rectimepro.com\/wp-content\/uploads\/2025\/04\/rectime-logo-white-new.png\",\"width\":800,\"height\":926,\"caption\":\"Rectimepro - Productora audiovisual\"},\"image\":{\"@id\":\"https:\/\/www.rectimepro.com\/#\/schema\/logo\/image\/\"},\"sameAs\":[\"https:\/\/www.instagram.com\/rectimepro\/?hl=es\",\"https:\/\/www.youtube.com\/channel\/UCg7PQMBoWykywKGOZeYoknA\/videos\",\"https:\/\/vimeo.com\/user95407811\"]}]}<\/script>\n<!-- \/ Yoast SEO plugin. -->","yoast_head_json":{"title":"Pol\u00edtica de privacidad - Rectimepro - Productora audiovisual","robots":{"index":"noindex","follow":"follow"},"og_locale":"fr_FR","og_type":"article","og_title":"Pol\u00edtica de privacidad - Rectimepro - Productora audiovisual","og_description":"La confidencialidad y la seguridad son valores primordiales de RECTIME COMUNICACION, S.L. y, en consecuencia, asumimos el compromiso de garantizar la privacidad del Usuario en todo momento y de no recabar informaci\u00f3n innecesaria. A continuaci\u00f3n, le proporcionamos toda la informaci\u00f3n necesaria sobre nuestra Pol\u00edtica de Privacidad en relaci\u00f3n con los datos personales que recabamos, explic\u00e1ndole:","og_url":"https:\/\/rectimepro.com\/fr\/politica-privacidad\/","og_site_name":"Rectimepro - Productora audiovisual","article_modified_time":"2025-05-01T13:06:44+00:00","og_image":[{"width":800,"height":926,"url":"https:\/\/rectimepro.com\/wp-content\/uploads\/2025\/03\/rectime-logo-b-new.png","type":"image\/png"}],"twitter_card":"summary_large_image","twitter_misc":{"Dur\u00e9e de lecture estim\u00e9e":"5 minutes"},"schema":{"@context":"https:\/\/schema.org","@graph":[{"@type":"WebPage","@id":"https:\/\/rectimepro.com\/politica-privacidad\/","url":"https:\/\/rectimepro.com\/politica-privacidad\/","name":"Pol\u00edtica de privacidad - Rectimepro - Productora audiovisual","isPartOf":{"@id":"https:\/\/www.rectimepro.com\/#website"},"datePublished":"2025-03-26T10:26:38+00:00","dateModified":"2025-05-01T13:06:44+00:00","breadcrumb":{"@id":"https:\/\/rectimepro.com\/politica-privacidad\/#breadcrumb"},"inLanguage":"fr-FR","potentialAction":[{"@type":"ReadAction","target":["https:\/\/rectimepro.com\/politica-privacidad\/"]}]},{"@type":"BreadcrumbList","@id":"https:\/\/rectimepro.com\/politica-privacidad\/#breadcrumb","itemListElement":[{"@type":"ListItem","position":1,"name":"Home","item":"https:\/\/rectimepro.com\/"},{"@type":"ListItem","position":2,"name":"Pol\u00edtica de privacidad"}]},{"@type":"WebSite","@id":"https:\/\/www.rectimepro.com\/#website","url":"https:\/\/www.rectimepro.com\/","name":"Rectimepro - Soci\u00e9t\u00e9 de production audiovisuelle","description":"","publisher":{"@id":"https:\/\/www.rectimepro.com\/#organization"},"potentialAction":[{"@type":"SearchAction","target":{"@type":"EntryPoint","urlTemplate":"https:\/\/www.rectimepro.com\/?s={search_term_string}"},"query-input":{"@type":"PropertyValueSpecification","valueRequired":true,"valueName":"search_term_string"}}],"inLanguage":"fr-FR"},{"@type":"Organization","@id":"https:\/\/www.rectimepro.com\/#organization","name":"Rectimepro - Soci\u00e9t\u00e9 de production audiovisuelle","alternateName":"Rectimepro","url":"https:\/\/www.rectimepro.com\/","logo":{"@type":"ImageObject","inLanguage":"fr-FR","@id":"https:\/\/www.rectimepro.com\/#\/schema\/logo\/image\/","url":"https:\/\/rectimepro.com\/wp-content\/uploads\/2025\/04\/rectime-logo-white-new.png","contentUrl":"https:\/\/rectimepro.com\/wp-content\/uploads\/2025\/04\/rectime-logo-white-new.png","width":800,"height":926,"caption":"Rectimepro - Productora audiovisual"},"image":{"@id":"https:\/\/www.rectimepro.com\/#\/schema\/logo\/image\/"},"sameAs":["https:\/\/www.instagram.com\/rectimepro\/?hl=es","https:\/\/www.youtube.com\/channel\/UCg7PQMBoWykywKGOZeYoknA\/videos","https:\/\/vimeo.com\/user95407811"]}]}},"_links":{"self":[{"href":"https:\/\/rectimepro.com\/fr\/wp-json\/wp\/v2\/pages\/3","targetHints":{"allow":["GET"]}}],"collection":[{"href":"https:\/\/rectimepro.com\/fr\/wp-json\/wp\/v2\/pages"}],"about":[{"href":"https:\/\/rectimepro.com\/fr\/wp-json\/wp\/v2\/types\/page"}],"author":[{"embeddable":true,"href":"https:\/\/rectimepro.com\/fr\/wp-json\/wp\/v2\/users\/1"}],"replies":[{"embeddable":true,"href":"https:\/\/rectimepro.com\/fr\/wp-json\/wp\/v2\/comments?post=3"}],"version-history":[{"count":11,"href":"https:\/\/rectimepro.com\/fr\/wp-json\/wp\/v2\/pages\/3\/revisions"}],"predecessor-version":[{"id":956,"href":"https:\/\/rectimepro.com\/fr\/wp-json\/wp\/v2\/pages\/3\/revisions\/956"}],"wp:attachment":[{"href":"https:\/\/rectimepro.com\/fr\/wp-json\/wp\/v2\/media?parent=3"}],"curies":[{"name":"wp","href":"https:\/\/api.w.org\/{rel}","templated":true}]}}