{"id":683,"date":"2025-04-08T16:35:07","date_gmt":"2025-04-08T14:35:07","guid":{"rendered":"https:\/\/rectimepro.com\/?page_id=683"},"modified":"2025-05-21T11:27:58","modified_gmt":"2025-05-21T09:27:58","slug":"eventos","status":"publish","type":"page","link":"https:\/\/rectimepro.com\/fr\/eventos\/","title":{"rendered":"Ev\u00e9nements"},"content":{"rendered":"<div data-elementor-type=\"wp-page\" data-elementor-id=\"683\" class=\"elementor elementor-683\" data-elementor-post-type=\"page\">\n\t\t\t\t<div class=\"elementor-element elementor-element-ca4cf68 e-flex e-con-boxed e-con e-parent\" data-id=\"ca4cf68\" data-element_type=\"container\" data-e-type=\"container\" data-settings=\"{&quot;background_background&quot;:&quot;video&quot;,&quot;background_video_link&quot;:&quot;https:\\\/\\\/youtu.be\\\/pmaSg8w93SU&quot;,&quot;background_play_on_mobile&quot;:&quot;yes&quot;}\">\n\t\t\t\t\t<div class=\"e-con-inner\">\n\t\t<div class=\"elementor-background-video-container\">\n\t\t\t\t\t\t\t<div class=\"elementor-background-video-embed\" role=\"presentation\"><\/div>\n\t\t\t\t\t\t<\/div><div class=\"elementor-element elementor-element-addde43 e-con-full e-flex e-con e-child\" data-id=\"addde43\" data-element_type=\"container\" data-e-type=\"container\">\n\t\t\t\t<div class=\"elementor-element elementor-element-0ef24ce elementor-widget elementor-widget-heading\" data-id=\"0ef24ce\" data-element_type=\"widget\" data-e-type=\"widget\" data-widget_type=\"heading.default\">\n\t\t\t\t<div class=\"elementor-widget-container\">\n\t\t\t\t\t<span class=\"elementor-heading-title elementor-size-default\">Des exp\u00e9riences audiovisuelles qui marquent les esprits<\/span>\t\t\t\t<\/div>\n\t\t\t\t<\/div>\n\t\t\t\t<div class=\"elementor-element elementor-element-f1013cb animated-slow elementor-invisible elementor-widget elementor-widget-heading\" data-id=\"f1013cb\" data-element_type=\"widget\" data-e-type=\"widget\" data-settings=\"{&quot;motion_fx_devices&quot;:[&quot;desktop&quot;,&quot;laptop&quot;,&quot;tablet_extra&quot;,&quot;tablet&quot;,&quot;mobile_extra&quot;,&quot;mobile&quot;],&quot;motion_fx_motion_fx_scrolling&quot;:&quot;yes&quot;,&quot;_animation&quot;:&quot;fadeIn&quot;,&quot;_animation_delay&quot;:550}\" data-widget_type=\"heading.default\">\n\t\t\t\t<div class=\"elementor-widget-container\">\n\t\t\t\t\t<h1 class=\"elementor-heading-title elementor-size-default\">\u00e9v\u00e9nements<\/h1>\t\t\t\t<\/div>\n\t\t\t\t<\/div>\n\t\t\t\t<\/div>\n\t\t\t\t\t<\/div>\n\t\t\t\t<\/div>\n\t\t<div class=\"elementor-element elementor-element-1733d00 e-flex e-con-boxed e-con e-parent\" data-id=\"1733d00\" data-element_type=\"container\" data-e-type=\"container\" data-settings=\"{&quot;background_background&quot;:&quot;classic&quot;}\">\n\t\t\t\t\t<div class=\"e-con-inner\">\n\t\t<div class=\"elementor-element elementor-element-8a3e877 e-con-full e-flex e-con e-child\" data-id=\"8a3e877\" data-element_type=\"container\" data-e-type=\"container\">\n\t\t<div class=\"elementor-element elementor-element-9607b01 e-con-full e-flex e-con e-child\" data-id=\"9607b01\" data-element_type=\"container\" data-e-type=\"container\">\n\t\t\t\t<div class=\"elementor-element elementor-element-f64e455 elementor-widget elementor-widget-heading\" data-id=\"f64e455\" data-element_type=\"widget\" data-e-type=\"widget\" data-widget_type=\"heading.default\">\n\t\t\t\t<div class=\"elementor-widget-container\">\n\t\t\t\t\t<h4 class=\"elementor-heading-title elementor-size-default\">Nous cr\u00e9ons vos moments<\/h4>\t\t\t\t<\/div>\n\t\t\t\t<\/div>\n\t\t\t\t<div class=\"elementor-element elementor-element-8562894 elementor-widget-divider--view-line elementor-widget elementor-widget-divider\" data-id=\"8562894\" data-element_type=\"widget\" data-e-type=\"widget\" data-widget_type=\"divider.default\">\n\t\t\t\t<div class=\"elementor-widget-container\">\n\t\t\t\t\t\t\t<div class=\"elementor-divider\">\n\t\t\t<span class=\"elementor-divider-separator\">\n\t\t\t\t\t\t<\/span>\n\t\t<\/div>\n\t\t\t\t\t\t<\/div>\n\t\t\t\t<\/div>\n\t\t\t\t<div class=\"elementor-element elementor-element-9df4984 elementor-widget__width-initial elementor-invisible elementor-widget elementor-widget-heading\" data-id=\"9df4984\" data-element_type=\"widget\" data-e-type=\"widget\" data-settings=\"{&quot;_animation&quot;:&quot;fadeInUp&quot;}\" data-widget_type=\"heading.default\">\n\t\t\t\t<div class=\"elementor-widget-container\">\n\t\t\t\t\t<h2 class=\"elementor-heading-title elementor-size-default\"><span style=\"color:#E23D3D\">Ev\u00e9nements<\/span> d'entreprise<\/h2>\t\t\t\t<\/div>\n\t\t\t\t<\/div>\n\t\t\t\t<div class=\"elementor-element elementor-element-8073d9c elementor-widget elementor-widget-text-editor\" data-id=\"8073d9c\" data-element_type=\"widget\" data-e-type=\"widget\" data-widget_type=\"text-editor.default\">\n\t\t\t\t<div class=\"elementor-widget-container\">\n\t\t\t\t\t\t\t\t\t<div id=\"comp-llkqs69j\" class=\"HcOXKn c9GqVL QxJLC3 lq2cno YQcXTT comp-llkqs69j wixui-rich-text\" data-testid=\"richTextElement\" data-motion-enter=\"done\"><p class=\"p1\">Soutien technique et couverture audiovisuelle des \u00e9v\u00e9nements.<br \/>Nous prenons en charge tous les aspects techniques et audiovisuels de votre \u00e9v\u00e9nement pour que tout se passe bien. Nous proposons des services de sonorisation avec des haut-parleurs, des syst\u00e8mes de sonorisation num\u00e9riques et analogiques, des microphones sans fil, des traductions simultan\u00e9es et des conf\u00e9rences t\u00e9l\u00e9phoniques. Nous \u00e9clairons \u00e9galement les espaces, soit avec des \u00e9clairages d\u00e9coratifs, soit avec des \u00e9clairages techniques pour les spectacles, et nous g\u00e9rons les projections et les \u00e9crans LED en fonction des besoins de l'\u00e9v\u00e9nement.<br \/>Une \u00e9quipe technique adapt\u00e9e \u00e0 vos besoins, pour que vous puissiez vous concentrer uniquement sur le contenu.<\/p><\/div>\t\t\t\t\t\t\t\t<\/div>\n\t\t\t\t<\/div>\n\t\t\t\t<div class=\"elementor-element elementor-element-c0ae6a7 elementor-widget elementor-widget-button\" data-id=\"c0ae6a7\" data-element_type=\"widget\" data-e-type=\"widget\" data-widget_type=\"button.default\">\n\t\t\t\t<div class=\"elementor-widget-container\">\n\t\t\t\t\t\t\t\t\t<div class=\"elementor-button-wrapper\">\n\t\t\t\t\t<a class=\"elementor-button elementor-button-link elementor-size-sm\" href=\"tel:+34676509133\">\n\t\t\t\t\t\t<span class=\"elementor-button-content-wrapper\">\n\t\t\t\t\t\t\t\t\t<span class=\"elementor-button-text\">Parlons-en<\/span>\n\t\t\t\t\t<\/span>\n\t\t\t\t\t<\/a>\n\t\t\t\t<\/div>\n\t\t\t\t\t\t\t\t<\/div>\n\t\t\t\t<\/div>\n\t\t\t\t<\/div>\n\t\t\t\t<\/div>\n\t\t\t\t\t<\/div>\n\t\t\t\t<\/div>\n\t\t\t\t<\/div>","protected":false},"excerpt":{"rendered":"<p>Des exp\u00e9riences audiovisuelles qui marquent les \u00e9v\u00e9nements Nous cr\u00e9ons vos moments \u00c9v\u00e9nements d'entreprise Assistance technique et couverture audiovisuelle pour les \u00e9v\u00e9nements Nous prenons en charge toute la partie technique et audiovisuelle de votre \u00e9v\u00e9nement afin que tout fonctionne parfaitement. Nous proposons des services de sonorisation avec des haut-parleurs, des syst\u00e8mes de sonorisation num\u00e9riques et analogiques, des microphones sans fil, des traductions simultan\u00e9es et des conf\u00e9rences t\u00e9l\u00e9phoniques. Nous proposons \u00e9galement [...]<\/p>","protected":false},"author":1,"featured_media":1626,"parent":0,"menu_order":0,"comment_status":"closed","ping_status":"closed","template":"","meta":{"footnotes":""},"class_list":["post-683","page","type-page","status-publish","has-post-thumbnail","hentry"],"yoast_head":"<!-- This site is optimized with the Yoast SEO plugin v26.9 - https:\/\/yoast.com\/product\/yoast-seo-wordpress\/ -->\n<title>Producci\u00f3n audiovisual de eventos<\/title>\n<meta name=\"description\" content=\"Realizamos videos \u00fanicos del evento de tu empresa, o si quieres grabar un congreso, curso, realizar un video de presentaci\u00f3n, organizar un webinar nos encargamos de todos los detalles.\" \/>\n<meta name=\"robots\" content=\"index, follow, max-snippet:-1, max-image-preview:large, max-video-preview:-1\" \/>\n<link rel=\"canonical\" href=\"https:\/\/rectimepro.com\/fr\/eventos\/\" \/>\n<meta property=\"og:locale\" content=\"fr_FR\" \/>\n<meta property=\"og:type\" content=\"article\" \/>\n<meta property=\"og:title\" content=\"Producci\u00f3n audiovisual de eventos\" \/>\n<meta property=\"og:description\" content=\"Realizamos videos \u00fanicos del evento de tu empresa, o si quieres grabar un congreso, curso, realizar un video de presentaci\u00f3n, organizar un webinar nos encargamos de todos los detalles.\" \/>\n<meta property=\"og:url\" content=\"https:\/\/rectimepro.com\/fr\/eventos\/\" \/>\n<meta property=\"og:site_name\" content=\"Rectimepro - Productora audiovisual\" \/>\n<meta property=\"article:modified_time\" content=\"2025-05-21T09:27:58+00:00\" \/>\n<meta property=\"og:image\" content=\"https:\/\/rectimepro.com\/wp-content\/uploads\/2025\/05\/quienes-somos.jpg\" \/>\n\t<meta property=\"og:image:width\" content=\"1231\" \/>\n\t<meta property=\"og:image:height\" content=\"900\" \/>\n\t<meta property=\"og:image:type\" content=\"image\/jpeg\" \/>\n<meta name=\"twitter:card\" content=\"summary_large_image\" \/>\n<meta name=\"twitter:label1\" content=\"Dur\u00e9e de lecture estim\u00e9e\" \/>\n\t<meta name=\"twitter:data1\" content=\"1 minute\" \/>\n<script type=\"application\/ld+json\" class=\"yoast-schema-graph\">{\"@context\":\"https:\/\/schema.org\",\"@graph\":[{\"@type\":\"WebPage\",\"@id\":\"https:\/\/rectimepro.com\/eventos\/\",\"url\":\"https:\/\/rectimepro.com\/eventos\/\",\"name\":\"Producci\u00f3n audiovisual de eventos\",\"isPartOf\":{\"@id\":\"https:\/\/www.rectimepro.com\/#website\"},\"primaryImageOfPage\":{\"@id\":\"https:\/\/rectimepro.com\/eventos\/#primaryimage\"},\"image\":{\"@id\":\"https:\/\/rectimepro.com\/eventos\/#primaryimage\"},\"thumbnailUrl\":\"https:\/\/rectimepro.com\/wp-content\/uploads\/2025\/05\/quienes-somos.jpg\",\"datePublished\":\"2025-04-08T14:35:07+00:00\",\"dateModified\":\"2025-05-21T09:27:58+00:00\",\"description\":\"Realizamos videos \u00fanicos del evento de tu empresa, o si quieres grabar un congreso, curso, realizar un video de presentaci\u00f3n, organizar un webinar nos encargamos de todos los detalles.\",\"breadcrumb\":{\"@id\":\"https:\/\/rectimepro.com\/eventos\/#breadcrumb\"},\"inLanguage\":\"fr-FR\",\"potentialAction\":[{\"@type\":\"ReadAction\",\"target\":[\"https:\/\/rectimepro.com\/eventos\/\"]}]},{\"@type\":\"ImageObject\",\"inLanguage\":\"fr-FR\",\"@id\":\"https:\/\/rectimepro.com\/eventos\/#primaryimage\",\"url\":\"https:\/\/rectimepro.com\/wp-content\/uploads\/2025\/05\/quienes-somos.jpg\",\"contentUrl\":\"https:\/\/rectimepro.com\/wp-content\/uploads\/2025\/05\/quienes-somos.jpg\",\"width\":1231,\"height\":900},{\"@type\":\"BreadcrumbList\",\"@id\":\"https:\/\/rectimepro.com\/eventos\/#breadcrumb\",\"itemListElement\":[{\"@type\":\"ListItem\",\"position\":1,\"name\":\"Home\",\"item\":\"https:\/\/rectimepro.com\/\"},{\"@type\":\"ListItem\",\"position\":2,\"name\":\"Eventos\"}]},{\"@type\":\"WebSite\",\"@id\":\"https:\/\/www.rectimepro.com\/#website\",\"url\":\"https:\/\/www.rectimepro.com\/\",\"name\":\"Rectimepro - Productora audiovisual\",\"description\":\"\",\"publisher\":{\"@id\":\"https:\/\/www.rectimepro.com\/#organization\"},\"potentialAction\":[{\"@type\":\"SearchAction\",\"target\":{\"@type\":\"EntryPoint\",\"urlTemplate\":\"https:\/\/www.rectimepro.com\/?s={search_term_string}\"},\"query-input\":{\"@type\":\"PropertyValueSpecification\",\"valueRequired\":true,\"valueName\":\"search_term_string\"}}],\"inLanguage\":\"fr-FR\"},{\"@type\":\"Organization\",\"@id\":\"https:\/\/www.rectimepro.com\/#organization\",\"name\":\"Rectimepro - Productora audiovisual\",\"alternateName\":\"Rectimepro\",\"url\":\"https:\/\/www.rectimepro.com\/\",\"logo\":{\"@type\":\"ImageObject\",\"inLanguage\":\"fr-FR\",\"@id\":\"https:\/\/www.rectimepro.com\/#\/schema\/logo\/image\/\",\"url\":\"https:\/\/rectimepro.com\/wp-content\/uploads\/2025\/04\/rectime-logo-white-new.png\",\"contentUrl\":\"https:\/\/rectimepro.com\/wp-content\/uploads\/2025\/04\/rectime-logo-white-new.png\",\"width\":800,\"height\":926,\"caption\":\"Rectimepro - Productora audiovisual\"},\"image\":{\"@id\":\"https:\/\/www.rectimepro.com\/#\/schema\/logo\/image\/\"},\"sameAs\":[\"https:\/\/www.instagram.com\/rectimepro\/?hl=es\",\"https:\/\/www.youtube.com\/channel\/UCg7PQMBoWykywKGOZeYoknA\/videos\",\"https:\/\/vimeo.com\/user95407811\"]}]}<\/script>\n<!-- \/ Yoast SEO plugin. -->","yoast_head_json":{"title":"Production audiovisuelle d'\u00e9v\u00e9nements","description":"Nous r\u00e9alisons des vid\u00e9os uniques de l'\u00e9v\u00e9nement de votre entreprise, ou si vous souhaitez enregistrer un congr\u00e8s, un cours, faire une vid\u00e9o de pr\u00e9sentation, organiser un webinaire, nous nous occupons de tous les d\u00e9tails.","robots":{"index":"index","follow":"follow","max-snippet":"max-snippet:-1","max-image-preview":"max-image-preview:large","max-video-preview":"max-video-preview:-1"},"canonical":"https:\/\/rectimepro.com\/fr\/eventos\/","og_locale":"fr_FR","og_type":"article","og_title":"Producci\u00f3n audiovisual de eventos","og_description":"Realizamos videos \u00fanicos del evento de tu empresa, o si quieres grabar un congreso, curso, realizar un video de presentaci\u00f3n, organizar un webinar nos encargamos de todos los detalles.","og_url":"https:\/\/rectimepro.com\/fr\/eventos\/","og_site_name":"Rectimepro - Productora audiovisual","article_modified_time":"2025-05-21T09:27:58+00:00","og_image":[{"width":1231,"height":900,"url":"https:\/\/rectimepro.com\/wp-content\/uploads\/2025\/05\/quienes-somos.jpg","type":"image\/jpeg"}],"twitter_card":"summary_large_image","twitter_misc":{"Dur\u00e9e de lecture estim\u00e9e":"1 minute"},"schema":{"@context":"https:\/\/schema.org","@graph":[{"@type":"WebPage","@id":"https:\/\/rectimepro.com\/eventos\/","url":"https:\/\/rectimepro.com\/eventos\/","name":"Production audiovisuelle d'\u00e9v\u00e9nements","isPartOf":{"@id":"https:\/\/www.rectimepro.com\/#website"},"primaryImageOfPage":{"@id":"https:\/\/rectimepro.com\/eventos\/#primaryimage"},"image":{"@id":"https:\/\/rectimepro.com\/eventos\/#primaryimage"},"thumbnailUrl":"https:\/\/rectimepro.com\/wp-content\/uploads\/2025\/05\/quienes-somos.jpg","datePublished":"2025-04-08T14:35:07+00:00","dateModified":"2025-05-21T09:27:58+00:00","description":"Nous r\u00e9alisons des vid\u00e9os uniques de l'\u00e9v\u00e9nement de votre entreprise, ou si vous souhaitez enregistrer un congr\u00e8s, un cours, faire une vid\u00e9o de pr\u00e9sentation, organiser un webinaire, nous nous occupons de tous les d\u00e9tails.","breadcrumb":{"@id":"https:\/\/rectimepro.com\/eventos\/#breadcrumb"},"inLanguage":"fr-FR","potentialAction":[{"@type":"ReadAction","target":["https:\/\/rectimepro.com\/eventos\/"]}]},{"@type":"ImageObject","inLanguage":"fr-FR","@id":"https:\/\/rectimepro.com\/eventos\/#primaryimage","url":"https:\/\/rectimepro.com\/wp-content\/uploads\/2025\/05\/quienes-somos.jpg","contentUrl":"https:\/\/rectimepro.com\/wp-content\/uploads\/2025\/05\/quienes-somos.jpg","width":1231,"height":900},{"@type":"BreadcrumbList","@id":"https:\/\/rectimepro.com\/eventos\/#breadcrumb","itemListElement":[{"@type":"ListItem","position":1,"name":"Home","item":"https:\/\/rectimepro.com\/"},{"@type":"ListItem","position":2,"name":"Eventos"}]},{"@type":"WebSite","@id":"https:\/\/www.rectimepro.com\/#website","url":"https:\/\/www.rectimepro.com\/","name":"Rectimepro - Soci\u00e9t\u00e9 de production audiovisuelle","description":"","publisher":{"@id":"https:\/\/www.rectimepro.com\/#organization"},"potentialAction":[{"@type":"SearchAction","target":{"@type":"EntryPoint","urlTemplate":"https:\/\/www.rectimepro.com\/?s={search_term_string}"},"query-input":{"@type":"PropertyValueSpecification","valueRequired":true,"valueName":"search_term_string"}}],"inLanguage":"fr-FR"},{"@type":"Organization","@id":"https:\/\/www.rectimepro.com\/#organization","name":"Rectimepro - Soci\u00e9t\u00e9 de production audiovisuelle","alternateName":"Rectimepro","url":"https:\/\/www.rectimepro.com\/","logo":{"@type":"ImageObject","inLanguage":"fr-FR","@id":"https:\/\/www.rectimepro.com\/#\/schema\/logo\/image\/","url":"https:\/\/rectimepro.com\/wp-content\/uploads\/2025\/04\/rectime-logo-white-new.png","contentUrl":"https:\/\/rectimepro.com\/wp-content\/uploads\/2025\/04\/rectime-logo-white-new.png","width":800,"height":926,"caption":"Rectimepro - Productora audiovisual"},"image":{"@id":"https:\/\/www.rectimepro.com\/#\/schema\/logo\/image\/"},"sameAs":["https:\/\/www.instagram.com\/rectimepro\/?hl=es","https:\/\/www.youtube.com\/channel\/UCg7PQMBoWykywKGOZeYoknA\/videos","https:\/\/vimeo.com\/user95407811"]}]}},"_links":{"self":[{"href":"https:\/\/rectimepro.com\/fr\/wp-json\/wp\/v2\/pages\/683","targetHints":{"allow":["GET"]}}],"collection":[{"href":"https:\/\/rectimepro.com\/fr\/wp-json\/wp\/v2\/pages"}],"about":[{"href":"https:\/\/rectimepro.com\/fr\/wp-json\/wp\/v2\/types\/page"}],"author":[{"embeddable":true,"href":"https:\/\/rectimepro.com\/fr\/wp-json\/wp\/v2\/users\/1"}],"replies":[{"embeddable":true,"href":"https:\/\/rectimepro.com\/fr\/wp-json\/wp\/v2\/comments?post=683"}],"version-history":[{"count":37,"href":"https:\/\/rectimepro.com\/fr\/wp-json\/wp\/v2\/pages\/683\/revisions"}],"predecessor-version":[{"id":1618,"href":"https:\/\/rectimepro.com\/fr\/wp-json\/wp\/v2\/pages\/683\/revisions\/1618"}],"wp:featuredmedia":[{"embeddable":true,"href":"https:\/\/rectimepro.com\/fr\/wp-json\/wp\/v2\/media\/1626"}],"wp:attachment":[{"href":"https:\/\/rectimepro.com\/fr\/wp-json\/wp\/v2\/media?parent=683"}],"curies":[{"name":"wp","href":"https:\/\/api.w.org\/{rel}","templated":true}]}}