{"id":699,"date":"2025-04-08T16:49:11","date_gmt":"2025-04-08T14:49:11","guid":{"rendered":"https:\/\/rectimepro.com\/?page_id=699"},"modified":"2025-05-21T11:30:10","modified_gmt":"2025-05-21T09:30:10","slug":"motion-graphics","status":"publish","type":"page","link":"https:\/\/rectimepro.com\/fr\/motion-graphics\/","title":{"rendered":"Motion graphic"},"content":{"rendered":"<div data-elementor-type=\"wp-page\" data-elementor-id=\"699\" class=\"elementor elementor-699\" data-elementor-post-type=\"page\">\n\t\t\t\t<div class=\"elementor-element elementor-element-793a418 e-flex e-con-boxed e-con e-parent\" data-id=\"793a418\" data-element_type=\"container\" data-e-type=\"container\" data-settings=\"{&quot;background_background&quot;:&quot;video&quot;,&quot;background_video_link&quot;:&quot;https:\\\/\\\/vimeo.com\\\/401014800&quot;,&quot;background_play_on_mobile&quot;:&quot;yes&quot;}\">\n\t\t\t\t\t<div class=\"e-con-inner\">\n\t\t<div class=\"elementor-background-video-container\">\n\t\t\t\t\t\t\t<div class=\"elementor-background-video-embed\" role=\"presentation\"><\/div>\n\t\t\t\t\t\t<\/div><div class=\"elementor-element elementor-element-a35dbd1 e-con-full e-flex e-con e-child\" data-id=\"a35dbd1\" data-element_type=\"container\" data-e-type=\"container\">\n\t\t\t\t<div class=\"elementor-element elementor-element-7cb5054 elementor-widget elementor-widget-heading\" data-id=\"7cb5054\" data-element_type=\"widget\" data-e-type=\"widget\" data-widget_type=\"heading.default\">\n\t\t\t\t<div class=\"elementor-widget-container\">\n\t\t\t\t\t<span class=\"elementor-heading-title elementor-size-default\">La cr\u00e9ativit\u00e9 en action<\/span>\t\t\t\t<\/div>\n\t\t\t\t<\/div>\n\t\t\t\t<div class=\"elementor-element elementor-element-71749d5 animated-slow elementor-invisible elementor-widget elementor-widget-heading\" data-id=\"71749d5\" data-element_type=\"widget\" data-e-type=\"widget\" data-settings=\"{&quot;motion_fx_devices&quot;:[&quot;desktop&quot;,&quot;laptop&quot;,&quot;tablet_extra&quot;,&quot;tablet&quot;,&quot;mobile_extra&quot;,&quot;mobile&quot;],&quot;motion_fx_motion_fx_scrolling&quot;:&quot;yes&quot;,&quot;_animation&quot;:&quot;fadeIn&quot;,&quot;_animation_delay&quot;:550}\" data-widget_type=\"heading.default\">\n\t\t\t\t<div class=\"elementor-widget-container\">\n\t\t\t\t\t<h1 class=\"elementor-heading-title elementor-size-default\">GRAPHISME ET ANIMATION<\/h1>\t\t\t\t<\/div>\n\t\t\t\t<\/div>\n\t\t\t\t<\/div>\n\t\t\t\t\t<\/div>\n\t\t\t\t<\/div>\n\t\t<div class=\"elementor-element elementor-element-31469d3 e-flex e-con-boxed e-con e-parent\" data-id=\"31469d3\" data-element_type=\"container\" data-e-type=\"container\" data-settings=\"{&quot;background_background&quot;:&quot;classic&quot;}\">\n\t\t\t\t\t<div class=\"e-con-inner\">\n\t\t<div class=\"elementor-element elementor-element-dfa2228 e-con-full e-flex e-con e-child\" data-id=\"dfa2228\" data-element_type=\"container\" data-e-type=\"container\">\n\t\t<div class=\"elementor-element elementor-element-ca18464 e-con-full e-flex e-con e-child\" data-id=\"ca18464\" data-element_type=\"container\" data-e-type=\"container\">\n\t\t\t\t<div class=\"elementor-element elementor-element-9c85266 elementor-widget elementor-widget-heading\" data-id=\"9c85266\" data-element_type=\"widget\" data-e-type=\"widget\" data-widget_type=\"heading.default\">\n\t\t\t\t<div class=\"elementor-widget-container\">\n\t\t\t\t\t<h4 class=\"elementor-heading-title elementor-size-default\">Nous cr\u00e9ons vos moments<\/h4>\t\t\t\t<\/div>\n\t\t\t\t<\/div>\n\t\t\t\t<div class=\"elementor-element elementor-element-02cbc4a elementor-widget__width-initial elementor-invisible elementor-widget elementor-widget-heading\" data-id=\"02cbc4a\" data-element_type=\"widget\" data-e-type=\"widget\" data-settings=\"{&quot;_animation&quot;:&quot;fadeInUp&quot;}\" data-widget_type=\"heading.default\">\n\t\t\t\t<div class=\"elementor-widget-container\">\n\t\t\t\t\t<h2 class=\"elementor-heading-title elementor-size-default\"><span style=\"color:#E23D3D\">Motion<\/span> Graphisme et 3D<\/h2>\t\t\t\t<\/div>\n\t\t\t\t<\/div>\n\t\t\t\t<div class=\"elementor-element elementor-element-6e9e8cf elementor-widget elementor-widget-text-editor\" data-id=\"6e9e8cf\" data-element_type=\"widget\" data-e-type=\"widget\" data-widget_type=\"text-editor.default\">\n\t\t\t\t<div class=\"elementor-widget-container\">\n\t\t\t\t\t\t\t\t\t<div id=\"comp-llkqs69j\" class=\"HcOXKn c9GqVL QxJLC3 lq2cno YQcXTT comp-llkqs69j wixui-rich-text\" data-testid=\"richTextElement\" data-motion-enter=\"done\"><div id=\"comp-k9meh3mz3\" class=\"HcOXKn SxM0TO QxJLC3 lq2cno YQcXTT comp-k9meh3mz3 wixui-rich-text\" data-testid=\"richTextElement\" data-motion-enter=\"done\"><p class=\"p1\">Vous souhaitez mettre en valeur votre marque et attirer l'attention de votre public ? Rendez-vous sur le site <strong>la conception graphique, tant en 2D qu'en 3D<\/strong>est la cl\u00e9 pour communiquer votre message de mani\u00e8re dynamique et efficace. A partir de <strong>animations en stop motion<\/strong> des effets visuels 3D avanc\u00e9s et des techniques telles que l'image de synth\u00e8se, nous cr\u00e9ons des contenus qui transforment vos id\u00e9es en exp\u00e9riences visuelles \u00e9tonnantes. Faites passer votre entreprise au niveau sup\u00e9rieur et communiquez avec vos clients comme jamais auparavant. D\u00e9couvrez comment nos <strong>graphiques anim\u00e9s<\/strong> peut renforcer votre marque, captiver votre public et vous diff\u00e9rencier sur un march\u00e9 concurrentiel.<\/p><\/div><\/div>\t\t\t\t\t\t\t\t<\/div>\n\t\t\t\t<\/div>\n\t\t<div class=\"elementor-element elementor-element-9e8c957 e-con-full e-flex e-con e-child\" data-id=\"9e8c957\" data-element_type=\"container\" data-e-type=\"container\">\n\t\t\t\t<div class=\"elementor-element elementor-element-f2a60c4 elementor-widget elementor-widget-button\" data-id=\"f2a60c4\" data-element_type=\"widget\" data-e-type=\"widget\" data-widget_type=\"button.default\">\n\t\t\t\t<div class=\"elementor-widget-container\">\n\t\t\t\t\t\t\t\t\t<div class=\"elementor-button-wrapper\">\n\t\t\t\t\t<a class=\"elementor-button elementor-button-link elementor-size-sm\" href=\"tel:+34676509133\">\n\t\t\t\t\t\t<span class=\"elementor-button-content-wrapper\">\n\t\t\t\t\t\t\t\t\t<span class=\"elementor-button-text\">Parlons-en<\/span>\n\t\t\t\t\t<\/span>\n\t\t\t\t\t<\/a>\n\t\t\t\t<\/div>\n\t\t\t\t\t\t\t\t<\/div>\n\t\t\t\t<\/div>\n\t\t\t\t<div class=\"elementor-element elementor-element-43b15e8 elementor-widget elementor-widget-button\" data-id=\"43b15e8\" data-element_type=\"widget\" data-e-type=\"widget\" data-widget_type=\"button.default\">\n\t\t\t\t<div class=\"elementor-widget-container\">\n\t\t\t\t\t\t\t\t\t<div class=\"elementor-button-wrapper\">\n\t\t\t\t\t<a class=\"elementor-button elementor-button-link elementor-size-sm\" href=\"https:\/\/rectimepro.com\/fr\/animacion\/\">\n\t\t\t\t\t\t<span class=\"elementor-button-content-wrapper\">\n\t\t\t\t\t\t\t\t\t<span class=\"elementor-button-text\">Voir les emplois<\/span>\n\t\t\t\t\t<\/span>\n\t\t\t\t\t<\/a>\n\t\t\t\t<\/div>\n\t\t\t\t\t\t\t\t<\/div>\n\t\t\t\t<\/div>\n\t\t\t\t<\/div>\n\t\t\t\t<\/div>\n\t\t\t\t<div class=\"elementor-element elementor-element-ee659f8 elementor-widget elementor-widget-spacer\" data-id=\"ee659f8\" data-element_type=\"widget\" data-e-type=\"widget\" data-widget_type=\"spacer.default\">\n\t\t\t\t<div class=\"elementor-widget-container\">\n\t\t\t\t\t\t\t<div class=\"elementor-spacer\">\n\t\t\t<div class=\"elementor-spacer-inner\"><\/div>\n\t\t<\/div>\n\t\t\t\t\t\t<\/div>\n\t\t\t\t<\/div>\n\t\t\t\t<div class=\"elementor-element elementor-element-2336ba3 elementor-widget-divider--view-line elementor-widget elementor-widget-divider\" data-id=\"2336ba3\" data-element_type=\"widget\" data-e-type=\"widget\" data-widget_type=\"divider.default\">\n\t\t\t\t<div class=\"elementor-widget-container\">\n\t\t\t\t\t\t\t<div class=\"elementor-divider\">\n\t\t\t<span class=\"elementor-divider-separator\">\n\t\t\t\t\t\t<\/span>\n\t\t<\/div>\n\t\t\t\t\t\t<\/div>\n\t\t\t\t<\/div>\n\t\t\t\t<div class=\"elementor-element elementor-element-ac34ca7 elementor-widget__width-initial elementor-invisible elementor-widget elementor-widget-heading\" data-id=\"ac34ca7\" data-element_type=\"widget\" data-e-type=\"widget\" data-settings=\"{&quot;_animation&quot;:&quot;fadeInUp&quot;}\" data-widget_type=\"heading.default\">\n\t\t\t\t<div class=\"elementor-widget-container\">\n\t\t\t\t\t<h2 class=\"elementor-heading-title elementor-size-default\">Pourquoi faire appel \u00e0 nos services ?<br> de l'image anim\u00e9e ?<\/h2>\t\t\t\t<\/div>\n\t\t\t\t<\/div>\n\t\t<div class=\"elementor-element elementor-element-d75e32f e-con-full e-flex e-con e-child\" data-id=\"d75e32f\" data-element_type=\"container\" data-e-type=\"container\">\n\t\t\t\t<div class=\"elementor-element elementor-element-a13bff3 elementor-position-inline-start elementor-widget__width-initial elementor-mobile-position-inline-start elementor-view-default elementor-invisible elementor-widget elementor-widget-icon-box\" data-id=\"a13bff3\" data-element_type=\"widget\" data-e-type=\"widget\" data-settings=\"{&quot;_animation&quot;:&quot;fadeInRight&quot;}\" data-widget_type=\"icon-box.default\">\n\t\t\t\t<div class=\"elementor-widget-container\">\n\t\t\t\t\t\t\t<div class=\"elementor-icon-box-wrapper\">\n\n\t\t\t\t\t\t<div class=\"elementor-icon-box-icon\">\n\t\t\t\t<span  class=\"elementor-icon elementor-animation-shrink\">\n\t\t\t\t<i aria-hidden=\"true\" class=\"ti-layout-line-solid\"><\/i>\t\t\t\t<\/span>\n\t\t\t<\/div>\n\t\t\t\n\t\t\t\t\t\t<div class=\"elementor-icon-box-content\">\n\n\t\t\t\t\t\t\t\t\t<h3 class=\"elementor-icon-box-title\">\n\t\t\t\t\t\t<span  >\n\t\t\t\t\t\t\tVisibilit\u00e9 accrue\t\t\t\t\t\t<\/span>\n\t\t\t\t\t<\/h3>\n\t\t\t\t\n\t\t\t\t\t\t\t\t\t<p class=\"elementor-icon-box-description\">\n\t\t\t\t\t\tNos vid\u00e9os Motion Graphics augmentent la visibilit\u00e9 sur l'Internet\nsur l'internet et facilitent l'acc\u00e8s de vos produits aux consommateurs finaux.\t\t\t\t\t<\/p>\n\t\t\t\t\n\t\t\t<\/div>\n\t\t\t\n\t\t<\/div>\n\t\t\t\t\t\t<\/div>\n\t\t\t\t<\/div>\n\t\t\t\t<div class=\"elementor-element elementor-element-fab6551 elementor-position-inline-start elementor-widget__width-initial elementor-mobile-position-inline-start elementor-view-default elementor-invisible elementor-widget elementor-widget-icon-box\" data-id=\"fab6551\" data-element_type=\"widget\" data-e-type=\"widget\" data-settings=\"{&quot;_animation&quot;:&quot;fadeInRight&quot;,&quot;_animation_delay&quot;:300}\" data-widget_type=\"icon-box.default\">\n\t\t\t\t<div class=\"elementor-widget-container\">\n\t\t\t\t\t\t\t<div class=\"elementor-icon-box-wrapper\">\n\n\t\t\t\t\t\t<div class=\"elementor-icon-box-icon\">\n\t\t\t\t<span  class=\"elementor-icon elementor-animation-shrink\">\n\t\t\t\t<i aria-hidden=\"true\" class=\"ti-layout-line-solid\"><\/i>\t\t\t\t<\/span>\n\t\t\t<\/div>\n\t\t\t\n\t\t\t\t\t\t<div class=\"elementor-icon-box-content\">\n\n\t\t\t\t\t\t\t\t\t<h3 class=\"elementor-icon-box-title\">\n\t\t\t\t\t\t<span  >\n\t\t\t\t\t\t\tValeur commerciale\t\t\t\t\t\t<\/span>\n\t\t\t\t\t<\/h3>\n\t\t\t\t\n\t\t\t\t\t\t\t\t\t<p class=\"elementor-icon-box-description\">\n\t\t\t\t\t\tCes vid\u00e9os sont tr\u00e8s dynamiques et offrent une grande valeur commerciale, ce qui en fait l'outil id\u00e9al pour attirer les clients.\nCes vid\u00e9os sont tr\u00e8s dynamiques et offrent une grande valeur commerciale, ce qui en fait l'outil id\u00e9al pour attirer les clients sans avoir besoin de filmer.\nsans qu'il soit n\u00e9cessaire de filmer.\t\t\t\t\t<\/p>\n\t\t\t\t\n\t\t\t<\/div>\n\t\t\t\n\t\t<\/div>\n\t\t\t\t\t\t<\/div>\n\t\t\t\t<\/div>\n\t\t\t\t<div class=\"elementor-element elementor-element-4d03542 elementor-position-inline-start elementor-widget__width-initial elementor-mobile-position-inline-start elementor-view-default elementor-invisible elementor-widget elementor-widget-icon-box\" data-id=\"4d03542\" data-element_type=\"widget\" data-e-type=\"widget\" data-settings=\"{&quot;_animation&quot;:&quot;fadeInRight&quot;,&quot;_animation_delay&quot;:600}\" data-widget_type=\"icon-box.default\">\n\t\t\t\t<div class=\"elementor-widget-container\">\n\t\t\t\t\t\t\t<div class=\"elementor-icon-box-wrapper\">\n\n\t\t\t\t\t\t<div class=\"elementor-icon-box-icon\">\n\t\t\t\t<span  class=\"elementor-icon elementor-animation-shrink\">\n\t\t\t\t<i aria-hidden=\"true\" class=\"ti-layout-line-solid\"><\/i>\t\t\t\t<\/span>\n\t\t\t<\/div>\n\t\t\t\n\t\t\t\t\t\t<div class=\"elementor-icon-box-content\">\n\n\t\t\t\t\t\t\t\t\t<h3 class=\"elementor-icon-box-title\">\n\t\t\t\t\t\t<span  >\n\t\t\t\t\t\t\tVid\u00e9os uniques\t\t\t\t\t\t<\/span>\n\t\t\t\t\t<\/h3>\n\t\t\t\t\n\t\t\t\t\t\t\t\t\t<p class=\"elementor-icon-box-description\">\n\t\t\t\t\t\tVous vous d\u00e9marquerez de vos concurrents gr\u00e2ce \u00e0 votre propre style.\nDans une vid\u00e9o Motion Graphics, il n'y a pas de limites cr\u00e9atives.\t\t\t\t\t<\/p>\n\t\t\t\t\n\t\t\t<\/div>\n\t\t\t\n\t\t<\/div>\n\t\t\t\t\t\t<\/div>\n\t\t\t\t<\/div>\n\t\t\t\t<\/div>\n\t\t\t\t<\/div>\n\t\t\t\t\t<\/div>\n\t\t\t\t<\/div>\n\t\t\t\t<\/div>","protected":false},"excerpt":{"rendered":"<p>Creatividad en acci\u00f3n GRAFISMO Y ANIMACI\u00d3N Creamos tus momentos Motion Graphics y 3D \u00bfQuieres destacar tu marca y captar la atenci\u00f3n de tu audiencia? El dise\u00f1o gr\u00e1fico, tanto en 2D como en 3D, es la clave para comunicar tu mensaje de forma din\u00e1mica y efectiva. Desde animaciones en stop motion hasta efectos visuales avanzados en [&hellip;]<\/p>","protected":false},"author":1,"featured_media":536,"parent":0,"menu_order":0,"comment_status":"closed","ping_status":"closed","template":"","meta":{"footnotes":""},"class_list":["post-699","page","type-page","status-publish","has-post-thumbnail","hentry"],"yoast_head":"<!-- This site is optimized with the Yoast SEO plugin v26.9 - https:\/\/yoast.com\/product\/yoast-seo-wordpress\/ -->\n<title>Motion Graphic - Animaciones din\u00e1micas para destacar tu marca<\/title>\n<meta name=\"description\" content=\"Potencia tu marca con motion graphics profesionales. Creamos animaciones \u00fanicas y efectivas que conectan con tu audiencia y transforman tus ideas en impacto visual.\" \/>\n<meta name=\"robots\" content=\"index, follow, max-snippet:-1, max-image-preview:large, max-video-preview:-1\" \/>\n<link rel=\"canonical\" href=\"https:\/\/rectimepro.com\/fr\/motion-graphics\/\" \/>\n<meta property=\"og:locale\" content=\"fr_FR\" \/>\n<meta property=\"og:type\" content=\"article\" \/>\n<meta property=\"og:title\" content=\"Motion Graphic - Animaciones din\u00e1micas para destacar tu marca\" \/>\n<meta property=\"og:description\" content=\"Potencia tu marca con motion graphics profesionales. Creamos animaciones \u00fanicas y efectivas que conectan con tu audiencia y transforman tus ideas en impacto visual.\" \/>\n<meta property=\"og:url\" content=\"https:\/\/rectimepro.com\/fr\/motion-graphics\/\" \/>\n<meta property=\"og:site_name\" content=\"Rectimepro - Productora audiovisual\" \/>\n<meta property=\"article:modified_time\" content=\"2025-05-21T09:30:10+00:00\" \/>\n<meta property=\"og:image\" content=\"https:\/\/rectimepro.com\/wp-content\/uploads\/2025\/04\/servicios-ordenador-1.jpg\" \/>\n\t<meta property=\"og:image:width\" content=\"600\" \/>\n\t<meta property=\"og:image:height\" content=\"700\" \/>\n\t<meta property=\"og:image:type\" content=\"image\/jpeg\" \/>\n<meta name=\"twitter:card\" content=\"summary_large_image\" \/>\n<meta name=\"twitter:label1\" content=\"Dur\u00e9e de lecture estim\u00e9e\" \/>\n\t<meta name=\"twitter:data1\" content=\"2 minutes\" \/>\n<script type=\"application\/ld+json\" class=\"yoast-schema-graph\">{\"@context\":\"https:\/\/schema.org\",\"@graph\":[{\"@type\":\"WebPage\",\"@id\":\"https:\/\/rectimepro.com\/motion-graphics\/\",\"url\":\"https:\/\/rectimepro.com\/motion-graphics\/\",\"name\":\"Motion Graphic - Animaciones din\u00e1micas para destacar tu marca\",\"isPartOf\":{\"@id\":\"https:\/\/www.rectimepro.com\/#website\"},\"primaryImageOfPage\":{\"@id\":\"https:\/\/rectimepro.com\/motion-graphics\/#primaryimage\"},\"image\":{\"@id\":\"https:\/\/rectimepro.com\/motion-graphics\/#primaryimage\"},\"thumbnailUrl\":\"https:\/\/rectimepro.com\/wp-content\/uploads\/2025\/04\/servicios-ordenador-1.jpg\",\"datePublished\":\"2025-04-08T14:49:11+00:00\",\"dateModified\":\"2025-05-21T09:30:10+00:00\",\"description\":\"Potencia tu marca con motion graphics profesionales. Creamos animaciones \u00fanicas y efectivas que conectan con tu audiencia y transforman tus ideas en impacto visual.\",\"breadcrumb\":{\"@id\":\"https:\/\/rectimepro.com\/motion-graphics\/#breadcrumb\"},\"inLanguage\":\"fr-FR\",\"potentialAction\":[{\"@type\":\"ReadAction\",\"target\":[\"https:\/\/rectimepro.com\/motion-graphics\/\"]}]},{\"@type\":\"ImageObject\",\"inLanguage\":\"fr-FR\",\"@id\":\"https:\/\/rectimepro.com\/motion-graphics\/#primaryimage\",\"url\":\"https:\/\/rectimepro.com\/wp-content\/uploads\/2025\/04\/servicios-ordenador-1.jpg\",\"contentUrl\":\"https:\/\/rectimepro.com\/wp-content\/uploads\/2025\/04\/servicios-ordenador-1.jpg\",\"width\":600,\"height\":700},{\"@type\":\"BreadcrumbList\",\"@id\":\"https:\/\/rectimepro.com\/motion-graphics\/#breadcrumb\",\"itemListElement\":[{\"@type\":\"ListItem\",\"position\":1,\"name\":\"Home\",\"item\":\"https:\/\/rectimepro.com\/\"},{\"@type\":\"ListItem\",\"position\":2,\"name\":\"Motion graphic\"}]},{\"@type\":\"WebSite\",\"@id\":\"https:\/\/www.rectimepro.com\/#website\",\"url\":\"https:\/\/www.rectimepro.com\/\",\"name\":\"Rectimepro - Productora audiovisual\",\"description\":\"\",\"publisher\":{\"@id\":\"https:\/\/www.rectimepro.com\/#organization\"},\"potentialAction\":[{\"@type\":\"SearchAction\",\"target\":{\"@type\":\"EntryPoint\",\"urlTemplate\":\"https:\/\/www.rectimepro.com\/?s={search_term_string}\"},\"query-input\":{\"@type\":\"PropertyValueSpecification\",\"valueRequired\":true,\"valueName\":\"search_term_string\"}}],\"inLanguage\":\"fr-FR\"},{\"@type\":\"Organization\",\"@id\":\"https:\/\/www.rectimepro.com\/#organization\",\"name\":\"Rectimepro - Productora audiovisual\",\"alternateName\":\"Rectimepro\",\"url\":\"https:\/\/www.rectimepro.com\/\",\"logo\":{\"@type\":\"ImageObject\",\"inLanguage\":\"fr-FR\",\"@id\":\"https:\/\/www.rectimepro.com\/#\/schema\/logo\/image\/\",\"url\":\"https:\/\/rectimepro.com\/wp-content\/uploads\/2025\/04\/rectime-logo-white-new.png\",\"contentUrl\":\"https:\/\/rectimepro.com\/wp-content\/uploads\/2025\/04\/rectime-logo-white-new.png\",\"width\":800,\"height\":926,\"caption\":\"Rectimepro - Productora audiovisual\"},\"image\":{\"@id\":\"https:\/\/www.rectimepro.com\/#\/schema\/logo\/image\/\"},\"sameAs\":[\"https:\/\/www.instagram.com\/rectimepro\/?hl=es\",\"https:\/\/www.youtube.com\/channel\/UCg7PQMBoWykywKGOZeYoknA\/videos\",\"https:\/\/vimeo.com\/user95407811\"]}]}<\/script>\n<!-- \/ Yoast SEO plugin. -->","yoast_head_json":{"title":"Motion Graphic - Animaciones din\u00e1micas para destacar tu marca","description":"Potencia tu marca con motion graphics profesionales. Creamos animaciones \u00fanicas y efectivas que conectan con tu audiencia y transforman tus ideas en impacto visual.","robots":{"index":"index","follow":"follow","max-snippet":"max-snippet:-1","max-image-preview":"max-image-preview:large","max-video-preview":"max-video-preview:-1"},"canonical":"https:\/\/rectimepro.com\/fr\/motion-graphics\/","og_locale":"fr_FR","og_type":"article","og_title":"Motion Graphic - Animaciones din\u00e1micas para destacar tu marca","og_description":"Potencia tu marca con motion graphics profesionales. Creamos animaciones \u00fanicas y efectivas que conectan con tu audiencia y transforman tus ideas en impacto visual.","og_url":"https:\/\/rectimepro.com\/fr\/motion-graphics\/","og_site_name":"Rectimepro - Productora audiovisual","article_modified_time":"2025-05-21T09:30:10+00:00","og_image":[{"width":600,"height":700,"url":"https:\/\/rectimepro.com\/wp-content\/uploads\/2025\/04\/servicios-ordenador-1.jpg","type":"image\/jpeg"}],"twitter_card":"summary_large_image","twitter_misc":{"Dur\u00e9e de lecture estim\u00e9e":"2 minutes"},"schema":{"@context":"https:\/\/schema.org","@graph":[{"@type":"WebPage","@id":"https:\/\/rectimepro.com\/motion-graphics\/","url":"https:\/\/rectimepro.com\/motion-graphics\/","name":"Motion Graphic - Animaciones din\u00e1micas para destacar tu marca","isPartOf":{"@id":"https:\/\/www.rectimepro.com\/#website"},"primaryImageOfPage":{"@id":"https:\/\/rectimepro.com\/motion-graphics\/#primaryimage"},"image":{"@id":"https:\/\/rectimepro.com\/motion-graphics\/#primaryimage"},"thumbnailUrl":"https:\/\/rectimepro.com\/wp-content\/uploads\/2025\/04\/servicios-ordenador-1.jpg","datePublished":"2025-04-08T14:49:11+00:00","dateModified":"2025-05-21T09:30:10+00:00","description":"Potencia tu marca con motion graphics profesionales. Creamos animaciones \u00fanicas y efectivas que conectan con tu audiencia y transforman tus ideas en impacto visual.","breadcrumb":{"@id":"https:\/\/rectimepro.com\/motion-graphics\/#breadcrumb"},"inLanguage":"fr-FR","potentialAction":[{"@type":"ReadAction","target":["https:\/\/rectimepro.com\/motion-graphics\/"]}]},{"@type":"ImageObject","inLanguage":"fr-FR","@id":"https:\/\/rectimepro.com\/motion-graphics\/#primaryimage","url":"https:\/\/rectimepro.com\/wp-content\/uploads\/2025\/04\/servicios-ordenador-1.jpg","contentUrl":"https:\/\/rectimepro.com\/wp-content\/uploads\/2025\/04\/servicios-ordenador-1.jpg","width":600,"height":700},{"@type":"BreadcrumbList","@id":"https:\/\/rectimepro.com\/motion-graphics\/#breadcrumb","itemListElement":[{"@type":"ListItem","position":1,"name":"Home","item":"https:\/\/rectimepro.com\/"},{"@type":"ListItem","position":2,"name":"Motion graphic"}]},{"@type":"WebSite","@id":"https:\/\/www.rectimepro.com\/#website","url":"https:\/\/www.rectimepro.com\/","name":"Rectimepro - Soci\u00e9t\u00e9 de production audiovisuelle","description":"","publisher":{"@id":"https:\/\/www.rectimepro.com\/#organization"},"potentialAction":[{"@type":"SearchAction","target":{"@type":"EntryPoint","urlTemplate":"https:\/\/www.rectimepro.com\/?s={search_term_string}"},"query-input":{"@type":"PropertyValueSpecification","valueRequired":true,"valueName":"search_term_string"}}],"inLanguage":"fr-FR"},{"@type":"Organization","@id":"https:\/\/www.rectimepro.com\/#organization","name":"Rectimepro - Soci\u00e9t\u00e9 de production audiovisuelle","alternateName":"Rectimepro","url":"https:\/\/www.rectimepro.com\/","logo":{"@type":"ImageObject","inLanguage":"fr-FR","@id":"https:\/\/www.rectimepro.com\/#\/schema\/logo\/image\/","url":"https:\/\/rectimepro.com\/wp-content\/uploads\/2025\/04\/rectime-logo-white-new.png","contentUrl":"https:\/\/rectimepro.com\/wp-content\/uploads\/2025\/04\/rectime-logo-white-new.png","width":800,"height":926,"caption":"Rectimepro - Productora audiovisual"},"image":{"@id":"https:\/\/www.rectimepro.com\/#\/schema\/logo\/image\/"},"sameAs":["https:\/\/www.instagram.com\/rectimepro\/?hl=es","https:\/\/www.youtube.com\/channel\/UCg7PQMBoWykywKGOZeYoknA\/videos","https:\/\/vimeo.com\/user95407811"]}]}},"_links":{"self":[{"href":"https:\/\/rectimepro.com\/fr\/wp-json\/wp\/v2\/pages\/699","targetHints":{"allow":["GET"]}}],"collection":[{"href":"https:\/\/rectimepro.com\/fr\/wp-json\/wp\/v2\/pages"}],"about":[{"href":"https:\/\/rectimepro.com\/fr\/wp-json\/wp\/v2\/types\/page"}],"author":[{"embeddable":true,"href":"https:\/\/rectimepro.com\/fr\/wp-json\/wp\/v2\/users\/1"}],"replies":[{"embeddable":true,"href":"https:\/\/rectimepro.com\/fr\/wp-json\/wp\/v2\/comments?post=699"}],"version-history":[{"count":37,"href":"https:\/\/rectimepro.com\/fr\/wp-json\/wp\/v2\/pages\/699\/revisions"}],"predecessor-version":[{"id":1676,"href":"https:\/\/rectimepro.com\/fr\/wp-json\/wp\/v2\/pages\/699\/revisions\/1676"}],"wp:featuredmedia":[{"embeddable":true,"href":"https:\/\/rectimepro.com\/fr\/wp-json\/wp\/v2\/media\/536"}],"wp:attachment":[{"href":"https:\/\/rectimepro.com\/fr\/wp-json\/wp\/v2\/media?parent=699"}],"curies":[{"name":"wp","href":"https:\/\/api.w.org\/{rel}","templated":true}]}}