{"id":930,"date":"2025-04-09T13:03:48","date_gmt":"2025-04-09T11:03:48","guid":{"rendered":"https:\/\/rectimepro.com\/?page_id=930"},"modified":"2025-05-01T15:06:57","modified_gmt":"2025-05-01T13:06:57","slug":"aviso-legal","status":"publish","type":"page","link":"https:\/\/rectimepro.com\/fr\/aviso-legal\/","title":{"rendered":"Avis juridique"},"content":{"rendered":"<p><\/p>\n\n\n\n<p>Ce site web est la propri\u00e9t\u00e9 de RECTIME COMUNICACION, S.L., avec le NIF n\u00ba B88024831 et l'adresse Plaza Europa 18, 5\u00ba E 08902 Hospitalet de Llobregat ( BARCELONA ) et inscrit au Registre du Commerce de Volume : 48371 Folio : 0036 Page : 581726 Province : B INSCRIPTION : 2<\/p>\n\n\n\n<p>Pour toute question ou proposition, veuillez nous contacter par t\u00e9l\u00e9phone au +34 676 50 91 33 ou par courrier \u00e9lectronique \u00e0 l'adresse suivante\u00a0<a href=\"mailto:creative@rectimepro.com\" target=\"_blank\" rel=\"noreferrer noopener\">creative@rectimepro.com<\/a>.<\/p>\n\n\n\n<p>Ce site est r\u00e9gi par la r\u00e9glementation exclusivement applicable en Espagne, et les ressortissants nationaux et \u00e9trangers qui utilisent ce site y sont soumis.<\/p>\n\n\n\n<p>L'acc\u00e8s \u00e0 notre site web par l'UTILISATEUR est gratuit et son utilisation est r\u00e9gie par les conditions d'utilisation en vigueur au moment de l'acc\u00e8s, que nous vous demandons de lire attentivement. Si l'UTILISATEUR n'est pas d'accord avec ces conditions d'utilisation, il doit s'abstenir d'utiliser ce portail et d'op\u00e9rer \u00e0 travers lui, et peut nous contacter afin que nous puissions r\u00e9soudre ses doutes concernant ces conditions.<\/p>\n\n\n\n<p>La fourniture de donn\u00e9es personnelles et l'achat de produits par l'interm\u00e9diaire de notre portail requi\u00e8rent un \u00e2ge minimum de 14 ans ou, le cas \u00e9ch\u00e9ant, une capacit\u00e9 juridique suffisante pour conclure un contrat.<\/p>\n\n\n\n<p>Nous pouvons \u00e0 tout moment modifier la pr\u00e9sentation et la configuration de notre site web, \u00e9tendre ou r\u00e9duire les services, voire le retirer du r\u00e9seau, ainsi que les services et le contenu fournis.<\/p>\n\n\n\n<p><strong>A. PROPRI\u00c9T\u00c9 INTELLECTUELLE<\/strong><\/p>\n\n\n\n<p>Tous les contenus, textes, images et codes sources sont la propri\u00e9t\u00e9 de RECTIME COMUNICACION, S.L. ou de tiers dont les droits d'exploitation ont \u00e9t\u00e9 acquis, et sont prot\u00e9g\u00e9s par les droits de propri\u00e9t\u00e9 intellectuelle et industrielle.<\/p>\n\n\n\n<p>L'UTILISATEUR n'a le droit d'en faire qu'un usage priv\u00e9 et non lucratif et a besoin d'une autorisation expresse pour modifier, reproduire, exploiter, distribuer ou exercer tout droit appartenant au propri\u00e9taire.<\/p>\n\n\n\n<p>RECTIME COMUNICACION, S.L. est une marque d\u00e9pos\u00e9e, et il est interdit de reproduire, d'imiter, d'utiliser ou d'ins\u00e9rer ces marques sans notre autorisation.<\/p>\n\n\n\n<p>L'\u00e9tablissement de liens vers notre site web ne conf\u00e8re aucun droit sur celui-ci. De m\u00eame, le simple fait d'\u00e9tablir un lien vers notre site web ne vous conf\u00e8re pas le statut de collaborateur ou de partenaire.<\/p>\n\n\n\n<p>RECTIME COMUNICACION, S.L. est exon\u00e9r\u00e9e de toute responsabilit\u00e9 pour toute r\u00e9clamation concernant les droits de propri\u00e9t\u00e9 intellectuelle des articles et des images publi\u00e9s par des tiers sur son site Web.<\/p>\n\n\n\n<p>Il est absolument interdit d'imiter totalement ou partiellement notre site web ou d'\u00e9tablir des liens vers notre site web sans l'autorisation pr\u00e9alable de RECTIME COMUNICACION, S.L..<\/p>\n\n\n\n<p><strong>B. CONDITIONS D'ACC\u00c8S ET D'UTILISATION<\/strong><\/p>\n\n\n\n<p>L'acc\u00e8s \u00e0 notre site web est gratuit et ne n\u00e9cessite pas d'inscription ou d'enregistrement pr\u00e9alable. Toutefois, l'acc\u00e8s \u00e0 certains services est r\u00e9serv\u00e9 \u00e0 certains UTILISATEURS et n\u00e9cessite une proc\u00e9dure d'enregistrement et\/ou d'identification au moyen de mots de passe. Ces services seront d\u00fbment identifi\u00e9s sur le site web.<\/p>\n\n\n\n<p>L'envoi de donn\u00e9es personnelles implique l'acceptation expresse par l'UTILISATEUR de notre politique de confidentialit\u00e9.<\/p>\n\n\n\n<p>L'UTILISATEUR doit acc\u00e9der \u00e0 notre site web conform\u00e9ment \u00e0 la bonne foi, aux r\u00e8gles d'ordre public et aux pr\u00e9sentes conditions g\u00e9n\u00e9rales d'utilisation. L'acc\u00e8s \u00e0 notre site web se fait sous la seule responsabilit\u00e9 de l'UTILISATEUR, qui sera responsable dans tous les cas des dommages qu'il pourrait causer \u00e0 des tiers ou \u00e0 nous-m\u00eames.<\/p>\n\n\n\n<p>Il est express\u00e9ment interdit \u00e0 l'UTILISATEUR d'utiliser et d'obtenir les services, produits et contenus offerts sur ce site web par des proc\u00e9dures autres que celles pr\u00e9vues dans les pr\u00e9sentes conditions d'utilisation et, le cas \u00e9ch\u00e9ant, dans les conditions sp\u00e9cifiques r\u00e9gissant l'acquisition de certains produits.<\/p>\n\n\n\n<p>L'UTILISATEUR s'interdit toute action sur notre portail qui entra\u00eenerait une surcharge excessive de nos syst\u00e8mes informatiques, ainsi que l'introduction de virus, ou l'installation de robots, ou de logiciels qui alt\u00e8rent le fonctionnement normal de notre site web, ou en somme qui peuvent causer des dommages \u00e0 nos syst\u00e8mes informatiques.<\/p>\n\n\n\n<p>Compte tenu de la difficult\u00e9 de contr\u00f4ler les informations, les contenus et les services contenus dans les sites Web de tiers accessibles \u00e0 partir de notre site Web, nous vous informons que RECTIME COMUNICACION, S.L., n'est pas responsable de ces derniers, bien que nous essayions, dans la mesure du possible, d'en assurer la l\u00e9galit\u00e9.<\/p>\n\n\n\n<p>RECTIME COMUNICACION, S.L. se r\u00e9serve le droit d'annuler l'adh\u00e9sion de tout UTILISATEUR que l'organisation consid\u00e8re comme ayant viol\u00e9 les conditions r\u00e9gissant l'utilisation de notre site Web. Elle se r\u00e9serve \u00e9galement le droit d'engager les poursuites judiciaires appropri\u00e9es \u00e0 l'encontre des personnes qui enfreignent les pr\u00e9sentes conditions g\u00e9n\u00e9rales d'utilisation.<\/p>\n\n\n\n<p><strong>C. POLITIQUE DE CONFIDENTIALIT\u00c9<\/strong><\/p>\n\n\n\n<p>La confidentialit\u00e9 et la s\u00e9curit\u00e9 sont les principales valeurs de RECTIME COMUNICACION, S.L. et, par cons\u00e9quent, nous nous engageons \u00e0 garantir la confidentialit\u00e9 de l'UTILISATEUR \u00e0 tout moment et \u00e0 ne pas collecter d'informations inutiles.<\/p>\n\n\n\n<p>La fourniture de donn\u00e9es personnelles par l'interm\u00e9diaire de notre portail requiert un \u00e2ge minimum de 14 ans et l'acceptation expresse de notre politique de confidentialit\u00e9.<\/p>\n\n\n\n<p><strong>D. RESPONSABILIT\u00c9S<\/strong><\/p>\n\n\n\n<p>En mettant ce site web \u00e0 la disposition de l'UTILISATEUR, nous souhaitons offrir un service de qualit\u00e9, en faisant preuve de la plus grande diligence dans la prestation de ce dernier, ainsi que dans les moyens technologiques utilis\u00e9s. Cependant, RECTIME COMUNICACION, S.L. ne garantit pas que la disponibilit\u00e9 du service sera continue et ininterrompue, en raison de circonstances caus\u00e9es par des probl\u00e8mes dans le r\u00e9seau Internet, des pannes dans les appareils informatiques ou d'autres circonstances impr\u00e9visibles, de sorte que l'UTILISATEUR accepte de supporter ces circonstances dans des limites raisonnables.<\/p>\n\n\n\n<p>Ce site web, \u00e0 l'exception de ce qui est r\u00e9glement\u00e9, le cas \u00e9ch\u00e9ant, par certaines conditions sp\u00e9cifiques d'utilisation, est purement informatif et de pr\u00e9sentation corporative de nos produits et services, de sorte que RECTIME COMUNICACION, S.L. n'est pas responsable des attentes de toute nature qui peuvent g\u00e9n\u00e9rer \u00e0 l'UTILISATEUR.<\/p>\n\n\n\n<p>Toutes les questions relatives \u00e0 notre site Web sont r\u00e9gies exclusivement par la loi espagnole. En cas de divergence ou de diff\u00e9rend entre les parties concernant l'interpr\u00e9tation et le contenu de ce site web, toutes les parties se soumettent aux cours et tribunaux l\u00e9galement comp\u00e9tents.<\/p>\n\n\n\n<p><strong>E. VALIDIT\u00c9 DES CONDITIONS G\u00c9N\u00c9RALES D'ACC\u00c8S AU SITE WEB<\/strong><\/p>\n\n\n\n<p>Les pr\u00e9sentes conditions g\u00e9n\u00e9rales d'utilisation ont \u00e9t\u00e9 modifi\u00e9es le jj\/mm\/aaaa. Nous pouvons les modifier \u00e0 tout moment : veuillez v\u00e9rifier la date de publication \u00e0 chaque fois que vous vous connectez \u00e0 notre site web afin de vous assurer qu'aucune modification susceptible de vous concerner n'a \u00e9t\u00e9 apport\u00e9e.<\/p>\n\n\n\n<p>Si vous avez des questions concernant les conditions d'utilisation de notre site web, veuillez nous contacter aux coordonn\u00e9es ci-dessus, ou contacter Lant Abogados \u00e0 l'adresse suivante&nbsp;<a href=\"mailto:info@lant-abogados.com\" target=\"_blank\" rel=\"noreferrer noopener\">info@lant-abogados.com<\/a>&nbsp;ou en&nbsp;<a href=\"https:\/\/www.lant-abogados.com\/\" target=\"_blank\" rel=\"noreferrer noopener\">https:\/\/www.lant-abogados.com\/<\/a>.<\/p>","protected":false},"excerpt":{"rendered":"<p>Esta p\u00e1gina Web es propiedad de RECTIME COMUNICACION, S.L., con NIF n\u00ba B88024831 y domicilio en Plaza Europa 18, 5\u00ba E 08902 Hospitalet de Llobregat ( BARCELONA ) e Inscrita en el\u00a0Registro Mercantil de Tomo: 48371 Folio: 0036 Hoja: 581726 Provincia: B INSCRIPCI\u00d3N: 2 Para cualquier consulta o propuesta, cont\u00e1ctenos llamando al tel\u00e9fono\u00a0+34 676 50 [&hellip;]<\/p>","protected":false},"author":1,"featured_media":0,"parent":0,"menu_order":0,"comment_status":"closed","ping_status":"closed","template":"","meta":{"footnotes":""},"class_list":["post-930","page","type-page","status-publish","hentry"],"yoast_head":"<!-- This site is optimized with the Yoast SEO plugin v26.9 - https:\/\/yoast.com\/product\/yoast-seo-wordpress\/ -->\n<title>Aviso legal - Rectimepro - Productora audiovisual<\/title>\n<meta name=\"robots\" content=\"noindex, follow\" \/>\n<meta property=\"og:locale\" content=\"fr_FR\" \/>\n<meta property=\"og:type\" content=\"article\" \/>\n<meta property=\"og:title\" content=\"Aviso legal - Rectimepro - Productora audiovisual\" \/>\n<meta property=\"og:description\" content=\"Esta p\u00e1gina Web es propiedad de RECTIME COMUNICACION, S.L., con NIF n\u00ba B88024831 y domicilio en Plaza Europa 18, 5\u00ba E 08902 Hospitalet de Llobregat ( BARCELONA ) e Inscrita en el\u00a0Registro Mercantil de Tomo: 48371 Folio: 0036 Hoja: 581726 Provincia: B INSCRIPCI\u00d3N: 2 Para cualquier consulta o propuesta, cont\u00e1ctenos llamando al tel\u00e9fono\u00a0+34 676 50 [&hellip;]\" \/>\n<meta property=\"og:url\" content=\"https:\/\/rectimepro.com\/fr\/aviso-legal\/\" \/>\n<meta property=\"og:site_name\" content=\"Rectimepro - Productora audiovisual\" \/>\n<meta property=\"article:modified_time\" content=\"2025-05-01T13:06:57+00:00\" \/>\n<meta property=\"og:image\" content=\"https:\/\/rectimepro.com\/wp-content\/uploads\/2025\/03\/rectime-logo-b-new.png\" \/>\n\t<meta property=\"og:image:width\" content=\"800\" \/>\n\t<meta property=\"og:image:height\" content=\"926\" \/>\n\t<meta property=\"og:image:type\" content=\"image\/png\" \/>\n<meta name=\"twitter:card\" content=\"summary_large_image\" \/>\n<meta name=\"twitter:label1\" content=\"Dur\u00e9e de lecture estim\u00e9e\" \/>\n\t<meta name=\"twitter:data1\" content=\"5 minutes\" \/>\n<script type=\"application\/ld+json\" class=\"yoast-schema-graph\">{\"@context\":\"https:\/\/schema.org\",\"@graph\":[{\"@type\":\"WebPage\",\"@id\":\"https:\/\/rectimepro.com\/aviso-legal\/\",\"url\":\"https:\/\/rectimepro.com\/aviso-legal\/\",\"name\":\"Aviso legal - Rectimepro - Productora audiovisual\",\"isPartOf\":{\"@id\":\"https:\/\/www.rectimepro.com\/#website\"},\"datePublished\":\"2025-04-09T11:03:48+00:00\",\"dateModified\":\"2025-05-01T13:06:57+00:00\",\"breadcrumb\":{\"@id\":\"https:\/\/rectimepro.com\/aviso-legal\/#breadcrumb\"},\"inLanguage\":\"fr-FR\",\"potentialAction\":[{\"@type\":\"ReadAction\",\"target\":[\"https:\/\/rectimepro.com\/aviso-legal\/\"]}]},{\"@type\":\"BreadcrumbList\",\"@id\":\"https:\/\/rectimepro.com\/aviso-legal\/#breadcrumb\",\"itemListElement\":[{\"@type\":\"ListItem\",\"position\":1,\"name\":\"Home\",\"item\":\"https:\/\/rectimepro.com\/\"},{\"@type\":\"ListItem\",\"position\":2,\"name\":\"Aviso legal\"}]},{\"@type\":\"WebSite\",\"@id\":\"https:\/\/www.rectimepro.com\/#website\",\"url\":\"https:\/\/www.rectimepro.com\/\",\"name\":\"Rectimepro - Productora audiovisual\",\"description\":\"\",\"publisher\":{\"@id\":\"https:\/\/www.rectimepro.com\/#organization\"},\"potentialAction\":[{\"@type\":\"SearchAction\",\"target\":{\"@type\":\"EntryPoint\",\"urlTemplate\":\"https:\/\/www.rectimepro.com\/?s={search_term_string}\"},\"query-input\":{\"@type\":\"PropertyValueSpecification\",\"valueRequired\":true,\"valueName\":\"search_term_string\"}}],\"inLanguage\":\"fr-FR\"},{\"@type\":\"Organization\",\"@id\":\"https:\/\/www.rectimepro.com\/#organization\",\"name\":\"Rectimepro - Productora audiovisual\",\"alternateName\":\"Rectimepro\",\"url\":\"https:\/\/www.rectimepro.com\/\",\"logo\":{\"@type\":\"ImageObject\",\"inLanguage\":\"fr-FR\",\"@id\":\"https:\/\/www.rectimepro.com\/#\/schema\/logo\/image\/\",\"url\":\"https:\/\/rectimepro.com\/wp-content\/uploads\/2025\/04\/rectime-logo-white-new.png\",\"contentUrl\":\"https:\/\/rectimepro.com\/wp-content\/uploads\/2025\/04\/rectime-logo-white-new.png\",\"width\":800,\"height\":926,\"caption\":\"Rectimepro - Productora audiovisual\"},\"image\":{\"@id\":\"https:\/\/www.rectimepro.com\/#\/schema\/logo\/image\/\"},\"sameAs\":[\"https:\/\/www.instagram.com\/rectimepro\/?hl=es\",\"https:\/\/www.youtube.com\/channel\/UCg7PQMBoWykywKGOZeYoknA\/videos\",\"https:\/\/vimeo.com\/user95407811\"]}]}<\/script>\n<!-- \/ Yoast SEO plugin. -->","yoast_head_json":{"title":"Aviso legal - Rectimepro - Productora audiovisual","robots":{"index":"noindex","follow":"follow"},"og_locale":"fr_FR","og_type":"article","og_title":"Aviso legal - Rectimepro - Productora audiovisual","og_description":"Esta p\u00e1gina Web es propiedad de RECTIME COMUNICACION, S.L., con NIF n\u00ba B88024831 y domicilio en Plaza Europa 18, 5\u00ba E 08902 Hospitalet de Llobregat ( BARCELONA ) e Inscrita en el\u00a0Registro Mercantil de Tomo: 48371 Folio: 0036 Hoja: 581726 Provincia: B INSCRIPCI\u00d3N: 2 Para cualquier consulta o propuesta, cont\u00e1ctenos llamando al tel\u00e9fono\u00a0+34 676 50 [&hellip;]","og_url":"https:\/\/rectimepro.com\/fr\/aviso-legal\/","og_site_name":"Rectimepro - Productora audiovisual","article_modified_time":"2025-05-01T13:06:57+00:00","og_image":[{"width":800,"height":926,"url":"https:\/\/rectimepro.com\/wp-content\/uploads\/2025\/03\/rectime-logo-b-new.png","type":"image\/png"}],"twitter_card":"summary_large_image","twitter_misc":{"Dur\u00e9e de lecture estim\u00e9e":"5 minutes"},"schema":{"@context":"https:\/\/schema.org","@graph":[{"@type":"WebPage","@id":"https:\/\/rectimepro.com\/aviso-legal\/","url":"https:\/\/rectimepro.com\/aviso-legal\/","name":"Aviso legal - Rectimepro - Productora audiovisual","isPartOf":{"@id":"https:\/\/www.rectimepro.com\/#website"},"datePublished":"2025-04-09T11:03:48+00:00","dateModified":"2025-05-01T13:06:57+00:00","breadcrumb":{"@id":"https:\/\/rectimepro.com\/aviso-legal\/#breadcrumb"},"inLanguage":"fr-FR","potentialAction":[{"@type":"ReadAction","target":["https:\/\/rectimepro.com\/aviso-legal\/"]}]},{"@type":"BreadcrumbList","@id":"https:\/\/rectimepro.com\/aviso-legal\/#breadcrumb","itemListElement":[{"@type":"ListItem","position":1,"name":"Home","item":"https:\/\/rectimepro.com\/"},{"@type":"ListItem","position":2,"name":"Aviso legal"}]},{"@type":"WebSite","@id":"https:\/\/www.rectimepro.com\/#website","url":"https:\/\/www.rectimepro.com\/","name":"Rectimepro - Soci\u00e9t\u00e9 de production audiovisuelle","description":"","publisher":{"@id":"https:\/\/www.rectimepro.com\/#organization"},"potentialAction":[{"@type":"SearchAction","target":{"@type":"EntryPoint","urlTemplate":"https:\/\/www.rectimepro.com\/?s={search_term_string}"},"query-input":{"@type":"PropertyValueSpecification","valueRequired":true,"valueName":"search_term_string"}}],"inLanguage":"fr-FR"},{"@type":"Organization","@id":"https:\/\/www.rectimepro.com\/#organization","name":"Rectimepro - Soci\u00e9t\u00e9 de production audiovisuelle","alternateName":"Rectimepro","url":"https:\/\/www.rectimepro.com\/","logo":{"@type":"ImageObject","inLanguage":"fr-FR","@id":"https:\/\/www.rectimepro.com\/#\/schema\/logo\/image\/","url":"https:\/\/rectimepro.com\/wp-content\/uploads\/2025\/04\/rectime-logo-white-new.png","contentUrl":"https:\/\/rectimepro.com\/wp-content\/uploads\/2025\/04\/rectime-logo-white-new.png","width":800,"height":926,"caption":"Rectimepro - Productora audiovisual"},"image":{"@id":"https:\/\/www.rectimepro.com\/#\/schema\/logo\/image\/"},"sameAs":["https:\/\/www.instagram.com\/rectimepro\/?hl=es","https:\/\/www.youtube.com\/channel\/UCg7PQMBoWykywKGOZeYoknA\/videos","https:\/\/vimeo.com\/user95407811"]}]}},"_links":{"self":[{"href":"https:\/\/rectimepro.com\/fr\/wp-json\/wp\/v2\/pages\/930","targetHints":{"allow":["GET"]}}],"collection":[{"href":"https:\/\/rectimepro.com\/fr\/wp-json\/wp\/v2\/pages"}],"about":[{"href":"https:\/\/rectimepro.com\/fr\/wp-json\/wp\/v2\/types\/page"}],"author":[{"embeddable":true,"href":"https:\/\/rectimepro.com\/fr\/wp-json\/wp\/v2\/users\/1"}],"replies":[{"embeddable":true,"href":"https:\/\/rectimepro.com\/fr\/wp-json\/wp\/v2\/comments?post=930"}],"version-history":[{"count":3,"href":"https:\/\/rectimepro.com\/fr\/wp-json\/wp\/v2\/pages\/930\/revisions"}],"predecessor-version":[{"id":989,"href":"https:\/\/rectimepro.com\/fr\/wp-json\/wp\/v2\/pages\/930\/revisions\/989"}],"wp:attachment":[{"href":"https:\/\/rectimepro.com\/fr\/wp-json\/wp\/v2\/media?parent=930"}],"curies":[{"name":"wp","href":"https:\/\/api.w.org\/{rel}","templated":true}]}}